{"id":34,"date":"2024-03-21T18:47:22","date_gmt":"2024-03-21T17:47:22","guid":{"rendered":"https:\/\/kanzlei-koehne.eu\/?page_id=34"},"modified":"2024-03-22T22:42:52","modified_gmt":"2024-03-22T21:42:52","slug":"arzneimittelrecht","status":"publish","type":"page","link":"https:\/\/kanzlei-koehne.eu\/de\/taetigkeitsschwerpunkte\/arzneimittelrecht\/","title":{"rendered":"Arzneimittelrecht"},"content":{"rendered":"<div class=\"fusion-fullwidth fullwidth-box fusion-builder-row-1 fusion-flex-container has-pattern-background has-mask-background nonhundred-percent-fullwidth non-hundred-percent-height-scrolling fusion-animated\" style=\"--link_hover_color: var(--awb-color5);--link_color: var(--awb-color4);--awb-border-radius-top-left:0px;--awb-border-radius-top-right:0px;--awb-border-radius-bottom-right:0px;--awb-border-radius-bottom-left:0px;--awb-flex-wrap:wrap;\" data-animationType=\"fadeIn\" data-animationDuration=\"1.0\" data-animationOffset=\"top-into-view\" ><div class=\"fusion-builder-row fusion-row fusion-flex-align-items-flex-start fusion-flex-content-wrap\" style=\"max-width:1248px;margin-left: calc(-4% \/ 2 );margin-right: calc(-4% \/ 2 );\"><div class=\"fusion-layout-column fusion_builder_column fusion-builder-column-0 fusion_builder_column_1_1 1_1 fusion-flex-column\" style=\"--awb-bg-size:cover;--awb-width-large:100%;--awb-margin-top-large:0px;--awb-spacing-right-large:1.92%;--awb-margin-bottom-large:20px;--awb-spacing-left-large:1.92%;--awb-width-medium:100%;--awb-order-medium:0;--awb-spacing-right-medium:1.92%;--awb-spacing-left-medium:1.92%;--awb-width-small:100%;--awb-order-small:0;--awb-spacing-right-small:1.92%;--awb-spacing-left-small:1.92%;\"><div class=\"fusion-column-wrapper fusion-column-has-shadow fusion-flex-justify-content-flex-start fusion-content-layout-column\"><div class=\"fusion-title title fusion-title-1 fusion-no-small-visibility fusion-sep-none fusion-title-center fusion-title-text fusion-title-size-one\" style=\"--awb-font-size:var(--awb-typography1-font-size);\"><h1 class=\"fusion-title-heading title-heading-center\" style=\"font-family:var(--awb-typography1-font-family);font-weight:var(--awb-typography1-font-weight);font-style:var(--awb-typography1-font-style);margin:0;font-size:1em;letter-spacing:var(--awb-typography1-letter-spacing);text-transform:var(--awb-typography1-text-transform);line-height:var(--awb-typography1-line-height);\"><h1>T\u00e4tigkeitsschwerpunkt Arzneimittelrecht<\/h1><\/h1><\/div><div class=\"fusion-title title fusion-title-2 fusion-no-medium-visibility fusion-no-large-visibility fusion-sep-none fusion-title-text fusion-title-size-one\" style=\"--awb-font-size:var(--awb-typography1-font-size);\"><h1 class=\"fusion-title-heading title-heading-left\" style=\"font-family:var(--awb-typography1-font-family);font-weight:var(--awb-typography1-font-weight);font-style:var(--awb-typography1-font-style);margin:0;font-size:1em;letter-spacing:var(--awb-typography1-letter-spacing);text-transform:var(--awb-typography1-text-transform);line-height:var(--awb-typography1-line-height);\"><h1>T\u00e4tigkeitsschwerpunkt Arzneimittelrecht<\/h1><\/h1><\/div><div class=\"fusion-text fusion-text-1\"><p>Das Arzneimittelrecht z\u00e4hlt zu den Kernkompetenzen der Beratung. Arzneimittel unterliegen einem Regelungsdickicht wie kaum ein anderer Bereich. Die Kanzlei ber\u00e4t aus dem Bereich der Human- und Tierarzneimittel in Fragen der Herstellung, des Vertriebs sowie der Haftung und im Heilmittelwerberecht (HWG).<\/p>\n<p>Neben der Verteidigung gewerblicher Schutzrechte nimmt die Vertretung in verwaltungsrechtlichen Auseinandersetzungen mit Beh\u00f6rden als auch in verwaltungsgerichtlichen Prozessen breiten Raum ein. Auch die Erstellung von Entwicklungs- und Kooperationsvertr\u00e4gen, Herstellungsvertr\u00e4gen etc. im nationalen und internationalen Bereich geh\u00f6rt zur T\u00e4tigkeit der Kanzlei.<\/p>\n<p><a href=\"\/taetigkeitsschwerpunkte\/\">\u2192 Zur\u00fcck zur \u00dcbersicht der T\u00e4tigkeitsschwerpunkte<\/a><\/p>\n<\/div><\/div><\/div><\/div><\/div>\n","protected":false},"excerpt":{"rendered":"","protected":false},"author":1,"featured_media":0,"parent":26,"menu_order":0,"comment_status":"closed","ping_status":"closed","template":"100-width.php","meta":{"footnotes":""},"yoast_head":"<!-- This site is optimized with the Yoast SEO plugin v22.6 - https:\/\/yoast.com\/wordpress\/plugins\/seo\/ -->\n<title>Arzneimittelrecht - Kanzlei K\u00f6hne<\/title>\n<meta name=\"description\" content=\"Kernkompetenz der Kanzlei Dr. K\u00f6hne in K\u00f6ln ist die Beratung und Vertretung von Unternehmen aus allen Bereichen der Life Sciences Industrie.\" \/>\n<meta name=\"robots\" content=\"index, follow, max-snippet:-1, max-image-preview:large, max-video-preview:-1\" \/>\n<link rel=\"canonical\" href=\"https:\/\/kanzlei-koehne.eu\/de\/taetigkeitsschwerpunkte\/arzneimittelrecht\/\" \/>\n<meta property=\"og:locale\" content=\"de_DE\" \/>\n<meta property=\"og:type\" content=\"article\" \/>\n<meta property=\"og:title\" content=\"Arzneimittelrecht - Kanzlei K\u00f6hne\" \/>\n<meta property=\"og:description\" content=\"Kernkompetenz der Kanzlei Dr. K\u00f6hne in K\u00f6ln ist die Beratung und Vertretung von Unternehmen aus allen Bereichen der Life Sciences Industrie.\" \/>\n<meta property=\"og:url\" content=\"https:\/\/kanzlei-koehne.eu\/de\/taetigkeitsschwerpunkte\/arzneimittelrecht\/\" \/>\n<meta property=\"og:site_name\" content=\"Kanzlei Koehne\" \/>\n<meta property=\"article:modified_time\" content=\"2024-03-22T21:42:52+00:00\" \/>\n<meta name=\"twitter:card\" content=\"summary_large_image\" \/>\n<meta name=\"twitter:label1\" content=\"Gesch\u00e4tzte Lesezeit\" \/>\n\t<meta name=\"twitter:data1\" content=\"1\u00a0Minute\" \/>\n<script type=\"application\/ld+json\" class=\"yoast-schema-graph\">{\"@context\":\"https:\/\/schema.org\",\"@graph\":[{\"@type\":\"WebPage\",\"@id\":\"https:\/\/kanzlei-koehne.eu\/de\/taetigkeitsschwerpunkte\/arzneimittelrecht\/\",\"url\":\"https:\/\/kanzlei-koehne.eu\/de\/taetigkeitsschwerpunkte\/arzneimittelrecht\/\",\"name\":\"Arzneimittelrecht - Kanzlei K\u00f6hne\",\"isPartOf\":{\"@id\":\"https:\/\/kanzlei-koehne.eu\/de\/#website\"},\"datePublished\":\"2024-03-21T17:47:22+00:00\",\"dateModified\":\"2024-03-22T21:42:52+00:00\",\"description\":\"Kernkompetenz der Kanzlei Dr. K\u00f6hne in K\u00f6ln ist die Beratung und Vertretung von Unternehmen aus allen Bereichen der Life Sciences Industrie.\",\"breadcrumb\":{\"@id\":\"https:\/\/kanzlei-koehne.eu\/de\/taetigkeitsschwerpunkte\/arzneimittelrecht\/#breadcrumb\"},\"inLanguage\":\"de\",\"potentialAction\":[{\"@type\":\"ReadAction\",\"target\":[\"https:\/\/kanzlei-koehne.eu\/de\/taetigkeitsschwerpunkte\/arzneimittelrecht\/\"]}]},{\"@type\":\"BreadcrumbList\",\"@id\":\"https:\/\/kanzlei-koehne.eu\/de\/taetigkeitsschwerpunkte\/arzneimittelrecht\/#breadcrumb\",\"itemListElement\":[{\"@type\":\"ListItem\",\"position\":1,\"name\":\"Startseite\",\"item\":\"https:\/\/kanzlei-koehne.eu\/de\/\"},{\"@type\":\"ListItem\",\"position\":2,\"name\":\"T\u00e4tigkeitsschwerpunkte\",\"item\":\"https:\/\/kanzlei-koehne.eu\/de\/taetigkeitsschwerpunkte\/\"},{\"@type\":\"ListItem\",\"position\":3,\"name\":\"Arzneimittelrecht\"}]},{\"@type\":\"WebSite\",\"@id\":\"https:\/\/kanzlei-koehne.eu\/de\/#website\",\"url\":\"https:\/\/kanzlei-koehne.eu\/de\/\",\"name\":\"Kanzlei Koehne\",\"description\":\"\",\"potentialAction\":[{\"@type\":\"SearchAction\",\"target\":{\"@type\":\"EntryPoint\",\"urlTemplate\":\"https:\/\/kanzlei-koehne.eu\/de\/?s={search_term_string}\"},\"query-input\":\"required name=search_term_string\"}],\"inLanguage\":\"de\"}]}<\/script>\n<!-- \/ Yoast SEO plugin. -->","yoast_head_json":{"title":"Arzneimittelrecht - Kanzlei K\u00f6hne","description":"Kernkompetenz der Kanzlei Dr. K\u00f6hne in K\u00f6ln ist die Beratung und Vertretung von Unternehmen aus allen Bereichen der Life Sciences Industrie.","robots":{"index":"index","follow":"follow","max-snippet":"max-snippet:-1","max-image-preview":"max-image-preview:large","max-video-preview":"max-video-preview:-1"},"canonical":"https:\/\/kanzlei-koehne.eu\/de\/taetigkeitsschwerpunkte\/arzneimittelrecht\/","og_locale":"de_DE","og_type":"article","og_title":"Arzneimittelrecht - Kanzlei K\u00f6hne","og_description":"Kernkompetenz der Kanzlei Dr. K\u00f6hne in K\u00f6ln ist die Beratung und Vertretung von Unternehmen aus allen Bereichen der Life Sciences Industrie.","og_url":"https:\/\/kanzlei-koehne.eu\/de\/taetigkeitsschwerpunkte\/arzneimittelrecht\/","og_site_name":"Kanzlei Koehne","article_modified_time":"2024-03-22T21:42:52+00:00","twitter_card":"summary_large_image","twitter_misc":{"Gesch\u00e4tzte Lesezeit":"1\u00a0Minute"},"schema":{"@context":"https:\/\/schema.org","@graph":[{"@type":"WebPage","@id":"https:\/\/kanzlei-koehne.eu\/de\/taetigkeitsschwerpunkte\/arzneimittelrecht\/","url":"https:\/\/kanzlei-koehne.eu\/de\/taetigkeitsschwerpunkte\/arzneimittelrecht\/","name":"Arzneimittelrecht - Kanzlei K\u00f6hne","isPartOf":{"@id":"https:\/\/kanzlei-koehne.eu\/de\/#website"},"datePublished":"2024-03-21T17:47:22+00:00","dateModified":"2024-03-22T21:42:52+00:00","description":"Kernkompetenz der Kanzlei Dr. K\u00f6hne in K\u00f6ln ist die Beratung und Vertretung von Unternehmen aus allen Bereichen der Life Sciences Industrie.","breadcrumb":{"@id":"https:\/\/kanzlei-koehne.eu\/de\/taetigkeitsschwerpunkte\/arzneimittelrecht\/#breadcrumb"},"inLanguage":"de","potentialAction":[{"@type":"ReadAction","target":["https:\/\/kanzlei-koehne.eu\/de\/taetigkeitsschwerpunkte\/arzneimittelrecht\/"]}]},{"@type":"BreadcrumbList","@id":"https:\/\/kanzlei-koehne.eu\/de\/taetigkeitsschwerpunkte\/arzneimittelrecht\/#breadcrumb","itemListElement":[{"@type":"ListItem","position":1,"name":"Startseite","item":"https:\/\/kanzlei-koehne.eu\/de\/"},{"@type":"ListItem","position":2,"name":"T\u00e4tigkeitsschwerpunkte","item":"https:\/\/kanzlei-koehne.eu\/de\/taetigkeitsschwerpunkte\/"},{"@type":"ListItem","position":3,"name":"Arzneimittelrecht"}]},{"@type":"WebSite","@id":"https:\/\/kanzlei-koehne.eu\/de\/#website","url":"https:\/\/kanzlei-koehne.eu\/de\/","name":"Kanzlei Koehne","description":"","potentialAction":[{"@type":"SearchAction","target":{"@type":"EntryPoint","urlTemplate":"https:\/\/kanzlei-koehne.eu\/de\/?s={search_term_string}"},"query-input":"required name=search_term_string"}],"inLanguage":"de"}]}},"_links":{"self":[{"href":"https:\/\/kanzlei-koehne.eu\/de\/wp-json\/wp\/v2\/pages\/34"}],"collection":[{"href":"https:\/\/kanzlei-koehne.eu\/de\/wp-json\/wp\/v2\/pages"}],"about":[{"href":"https:\/\/kanzlei-koehne.eu\/de\/wp-json\/wp\/v2\/types\/page"}],"author":[{"embeddable":true,"href":"https:\/\/kanzlei-koehne.eu\/de\/wp-json\/wp\/v2\/users\/1"}],"replies":[{"embeddable":true,"href":"https:\/\/kanzlei-koehne.eu\/de\/wp-json\/wp\/v2\/comments?post=34"}],"version-history":[{"count":5,"href":"https:\/\/kanzlei-koehne.eu\/de\/wp-json\/wp\/v2\/pages\/34\/revisions"}],"predecessor-version":[{"id":241,"href":"https:\/\/kanzlei-koehne.eu\/de\/wp-json\/wp\/v2\/pages\/34\/revisions\/241"}],"up":[{"embeddable":true,"href":"https:\/\/kanzlei-koehne.eu\/de\/wp-json\/wp\/v2\/pages\/26"}],"wp:attachment":[{"href":"https:\/\/kanzlei-koehne.eu\/de\/wp-json\/wp\/v2\/media?parent=34"}],"curies":[{"name":"wp","href":"https:\/\/api.w.org\/{rel}","templated":true}]}}