{"id":5,"date":"2024-03-21T18:28:24","date_gmt":"2024-03-21T17:28:24","guid":{"rendered":"https:\/\/kanzlei-koehne.eu\/?page_id=5"},"modified":"2024-04-10T23:39:02","modified_gmt":"2024-04-10T21:39:02","slug":"kanzlei-dr-koehne","status":"publish","type":"page","link":"https:\/\/kanzlei-koehne.eu\/de\/","title":{"rendered":"Kanzlei Dr. K\u00f6hne"},"content":{"rendered":"<p><div class=\"fusion-fullwidth fullwidth-box fusion-builder-row-1 fusion-flex-container has-pattern-background has-mask-background nonhundred-percent-fullwidth non-hundred-percent-height-scrolling fusion-no-small-visibility fusion-animated\" style=\"--awb-border-radius-top-left:0px;--awb-border-radius-top-right:0px;--awb-border-radius-bottom-right:0px;--awb-border-radius-bottom-left:0px;--awb-flex-wrap:wrap;\" data-animationType=\"fadeIn\" data-animationDuration=\"1.0\" data-animationOffset=\"top-into-view\" ><div class=\"fusion-builder-row fusion-row fusion-flex-align-items-flex-start fusion-flex-content-wrap\" style=\"max-width:1248px;margin-left: calc(-4% \/ 2 );margin-right: calc(-4% \/ 2 );\"><div class=\"fusion-layout-column fusion_builder_column fusion-builder-column-0 fusion_builder_column_1_1 1_1 fusion-flex-column\" style=\"--awb-bg-size:cover;--awb-width-large:100%;--awb-margin-top-large:0px;--awb-spacing-right-large:1.92%;--awb-margin-bottom-large:20px;--awb-spacing-left-large:1.92%;--awb-width-medium:100%;--awb-order-medium:0;--awb-spacing-right-medium:1.92%;--awb-spacing-left-medium:1.92%;--awb-width-small:100%;--awb-order-small:0;--awb-spacing-right-small:1.92%;--awb-spacing-left-small:1.92%;\"><div class=\"fusion-column-wrapper fusion-column-has-shadow fusion-flex-justify-content-flex-start fusion-content-layout-column\"><div class=\"fusion-title title fusion-title-1 fusion-sep-none fusion-title-center fusion-title-text fusion-title-size-one\" style=\"--awb-text-color:var(--awb-color6);--awb-font-size:var(--awb-typography1-font-size);\"><h1 class=\"fusion-title-heading title-heading-center\" style=\"font-family:var(--awb-typography1-font-family);font-weight:var(--awb-typography1-font-weight);font-style:var(--awb-typography1-font-style);margin:0;font-size:1em;letter-spacing:var(--awb-typography1-letter-spacing);text-transform:var(--awb-typography1-text-transform);line-height:var(--awb-typography1-line-height);\"><h1>Kanzlei Dr. K\u00f6hne<\/h1><\/h1><\/div><div class=\"fusion-text fusion-text-1\"><p>Die Kanzlei Dr. K\u00f6hne ist eine unabh\u00e4ngige deutsche Anwaltskanzlei und Nachfolger der Kanzlei bohnes Partnerschaft von Rechtsanw\u00e4lten. Seit ihrer Gr\u00fcndung ist die Kanzlei f\u00fcr alle Unternehmen \u2013 von Inhaber gef\u00fchrten Firmen bis zu b\u00f6rsennotierten Aktiengesellschaften \u2013 in den Gebieten des Gesellschaftsrechts, des Gesundheitsrechts sowie des Automobilvertriebsrechts t\u00e4tig.<\/p>\n<p>Kernkompetenz der Kanzlei Dr. K\u00f6hne ist die Beratung und Vertretung von Unternehmen aus allen Bereichen der Life Sciences Industrie. Dabei ist die Kanzlei schwerpunktm\u00e4\u00dfig, aber nicht ausschlie\u00dflich, f\u00fcr Unternehmen aus der Pharma-, Lebensmittel-, Futtermittel- und Kosmetikbranche t\u00e4tig.<\/p>\n<p>Neben der Beratung und Prozessf\u00fchrung im Heilmittelwerbe-\/Wettbewerbsrecht ist die Kanzlei umfangreich auf den Gebieten des Arzneimittelrechts, insbesondere in Zulassungs- und Erstattungsfragen, des Sponsoring (Zusammenarbeit der pharmazeutischen Industrie mit Dritten) sowie im (Produkt)haftungsrecht t\u00e4tig.<\/p>\n<p>Die enge Zusammenarbeit mit Mandanten und untereinander sowie die \u00fcber viele Jahre angesammelte Erfahrung aus Beratung und einer Vielzahl erfolgreich gef\u00fchrter Prozesse, insbesondere in verwaltungsrechtlichen Streitigkeiten im Zusammenhang mit Arzneimittelzulassungsfragen sowie in heilmittelwerberechtlichen Streitigkeiten erm\u00f6glichen es der Kanzlei, f\u00fcr alle Mandanten praktische L\u00f6sungen auf h\u00f6chstem Niveau zu finden.<\/p>\n<p>Daneben beraten und vertritt die Kanzlei Dr. K\u00f6hne Mandanten auch umfassend in wirtschaftsrechtlichen Auseinandersetzungen.<\/p>\n<\/div><\/div><\/div><\/div><\/div><div class=\"fusion-fullwidth fullwidth-box fusion-builder-row-2 fusion-flex-container has-pattern-background has-mask-background nonhundred-percent-fullwidth non-hundred-percent-height-scrolling fusion-no-medium-visibility fusion-no-large-visibility fusion-animated\" style=\"--awb-border-radius-top-left:0px;--awb-border-radius-top-right:0px;--awb-border-radius-bottom-right:0px;--awb-border-radius-bottom-left:0px;--awb-flex-wrap:wrap;\" data-animationType=\"fadeIn\" data-animationDuration=\"1.0\" data-animationOffset=\"top-into-view\" ><div class=\"fusion-builder-row fusion-row fusion-flex-align-items-flex-start fusion-flex-content-wrap\" style=\"max-width:1248px;margin-left: calc(-4% \/ 2 );margin-right: calc(-4% \/ 2 );\"><div class=\"fusion-layout-column fusion_builder_column fusion-builder-column-1 fusion_builder_column_1_1 1_1 fusion-flex-column\" style=\"--awb-bg-size:cover;--awb-width-large:100%;--awb-margin-top-large:0px;--awb-spacing-right-large:1.92%;--awb-margin-bottom-large:20px;--awb-spacing-left-large:1.92%;--awb-width-medium:100%;--awb-order-medium:0;--awb-spacing-right-medium:1.92%;--awb-spacing-left-medium:1.92%;--awb-width-small:100%;--awb-order-small:0;--awb-spacing-right-small:1.92%;--awb-spacing-left-small:1.92%;\"><div class=\"fusion-column-wrapper fusion-column-has-shadow fusion-flex-justify-content-flex-start fusion-content-layout-column\"><div class=\"fusion-title title fusion-title-2 fusion-sep-none fusion-title-text fusion-title-size-one\" style=\"--awb-text-color:var(--awb-color6);--awb-font-size:var(--awb-typography1-font-size);\"><h1 class=\"fusion-title-heading title-heading-left\" style=\"font-family:var(--awb-typography1-font-family);font-weight:var(--awb-typography1-font-weight);font-style:var(--awb-typography1-font-style);margin:0;font-size:1em;letter-spacing:var(--awb-typography1-letter-spacing);text-transform:var(--awb-typography1-text-transform);line-height:var(--awb-typography1-line-height);\"><h1>Kanzlei Dr. K\u00f6hne<\/h1><\/h1><\/div><div class=\"fusion-text fusion-text-2\"><p>Die Kanzlei Dr. K\u00f6hne ist eine unabh\u00e4ngige deutsche Anwaltskanzlei und Nachfolger der Kanzlei bohnes Partnerschaft von Rechtsanw\u00e4lten. Seit ihrer Gr\u00fcndung ist die Kanzlei f\u00fcr alle Unternehmen \u2013 von Inhaber gef\u00fchrten Firmen bis zu b\u00f6rsennotierten Aktiengesellschaften \u2013 in den Gebieten des Gesellschaftsrechts, des Gesundheitsrechts sowie des Automobilvertriebsrechts t\u00e4tig.<\/p>\n<p>Kernkompetenz der Kanzlei Dr. K\u00f6hne ist die Beratung und Vertretung von Unternehmen aus allen Bereichen der Life Sciences Industrie. Dabei ist die Kanzlei schwerpunktm\u00e4\u00dfig, aber nicht ausschlie\u00dflich, f\u00fcr Unternehmen aus der Pharma-, Lebensmittel-, Futtermittel- und Kosmetikbranche t\u00e4tig.<\/p>\n<p>Neben der Beratung und Prozessf\u00fchrung im Heilmittelwerbe-\/Wettbewerbsrecht ist die Kanzlei umfangreich auf den Gebieten des Arzneimittelrechts, insbesondere in Zulassungs- und Erstattungsfragen, des Sponsoring (Zusammenarbeit der pharmazeutischen Industrie mit Dritten) sowie im (Produkt)haftungsrecht t\u00e4tig.<\/p>\n<p>Die enge Zusammenarbeit mit Mandanten und untereinander sowie die \u00fcber viele Jahre angesammelte Erfahrung aus Beratung und einer Vielzahl erfolgreich gef\u00fchrter Prozesse, insbesondere in verwaltungsrechtlichen Streitigkeiten im Zusammenhang mit Arzneimittelzulassungsfragen sowie in heilmittelwerberechtlichen Streitigkeiten erm\u00f6glichen es der Kanzlei, f\u00fcr alle Mandanten praktische L\u00f6sungen auf h\u00f6chstem Niveau zu finden.<\/p>\n<p>Daneben beraten und vertritt die Kanzlei Dr. K\u00f6hne Mandanten auch umfassend in wirtschaftsrechtlichen Auseinandersetzungen.<\/p>\n<\/div><\/div><\/div><\/div><\/div><\/p>\n","protected":false},"excerpt":{"rendered":"","protected":false},"author":1,"featured_media":0,"parent":0,"menu_order":0,"comment_status":"closed","ping_status":"closed","template":"100-width.php","meta":{"footnotes":""},"yoast_head":"<!-- This site is optimized with the Yoast SEO plugin v22.6 - https:\/\/yoast.com\/wordpress\/plugins\/seo\/ -->\n<title>KanzleiKanzlei Dr. K\u00f6hne<\/title>\n<meta name=\"description\" content=\"Kernkompetenz der Kanzlei Dr. K\u00f6hne in K\u00f6ln ist die Beratung und Vertretung von Unternehmen aus allen Bereichen der Life Sciences Industrie.\" \/>\n<meta name=\"robots\" content=\"index, follow, max-snippet:-1, max-image-preview:large, max-video-preview:-1\" \/>\n<link rel=\"canonical\" href=\"https:\/\/kanzlei-koehne.eu\/de\/\" \/>\n<meta property=\"og:locale\" content=\"de_DE\" \/>\n<meta property=\"og:type\" content=\"article\" \/>\n<meta property=\"og:title\" content=\"Kanzlei K\u00f6hne K\u00f6ln\" \/>\n<meta property=\"og:description\" content=\"Kanzlei K\u00f6hne K\u00f6ln\" \/>\n<meta property=\"og:url\" content=\"https:\/\/kanzlei-koehne.eu\/de\/\" \/>\n<meta property=\"og:site_name\" content=\"Kanzlei Koehne\" \/>\n<meta property=\"article:modified_time\" content=\"2024-04-10T21:39:02+00:00\" \/>\n<meta name=\"twitter:card\" content=\"summary_large_image\" \/>\n<meta name=\"twitter:image\" content=\"https:\/\/kanzlei-koehne.eu\/wp-content\/uploads\/logo.png\" \/>\n<meta name=\"twitter:label1\" content=\"Gesch\u00e4tzte Lesezeit\" \/>\n\t<meta name=\"twitter:data1\" content=\"3\u00a0Minuten\" \/>\n<script type=\"application\/ld+json\" class=\"yoast-schema-graph\">{\"@context\":\"https:\/\/schema.org\",\"@graph\":[{\"@type\":\"WebPage\",\"@id\":\"https:\/\/kanzlei-koehne.eu\/de\/\",\"url\":\"https:\/\/kanzlei-koehne.eu\/de\/\",\"name\":\"KanzleiKanzlei Dr. K\u00f6hne\",\"isPartOf\":{\"@id\":\"https:\/\/kanzlei-koehne.eu\/de\/#website\"},\"datePublished\":\"2024-03-21T17:28:24+00:00\",\"dateModified\":\"2024-04-10T21:39:02+00:00\",\"description\":\"Kernkompetenz der Kanzlei Dr. K\u00f6hne in K\u00f6ln ist die Beratung und Vertretung von Unternehmen aus allen Bereichen der Life Sciences Industrie.\",\"breadcrumb\":{\"@id\":\"https:\/\/kanzlei-koehne.eu\/de\/#breadcrumb\"},\"inLanguage\":\"de\",\"potentialAction\":[{\"@type\":\"ReadAction\",\"target\":[\"https:\/\/kanzlei-koehne.eu\/de\/\"]}]},{\"@type\":\"BreadcrumbList\",\"@id\":\"https:\/\/kanzlei-koehne.eu\/de\/#breadcrumb\",\"itemListElement\":[{\"@type\":\"ListItem\",\"position\":1,\"name\":\"Startseite\",\"item\":\"https:\/\/kanzlei-koehne.eu\/de\/\"},{\"@type\":\"ListItem\",\"position\":2,\"name\":\"Kanzlei Dr. K\u00f6hne\"}]},{\"@type\":\"WebSite\",\"@id\":\"https:\/\/kanzlei-koehne.eu\/de\/#website\",\"url\":\"https:\/\/kanzlei-koehne.eu\/de\/\",\"name\":\"Kanzlei Koehne\",\"description\":\"\",\"potentialAction\":[{\"@type\":\"SearchAction\",\"target\":{\"@type\":\"EntryPoint\",\"urlTemplate\":\"https:\/\/kanzlei-koehne.eu\/de\/?s={search_term_string}\"},\"query-input\":\"required name=search_term_string\"}],\"inLanguage\":\"de\"}]}<\/script>\n<!-- \/ Yoast SEO plugin. -->","yoast_head_json":{"title":"KanzleiKanzlei Dr. K\u00f6hne","description":"Kernkompetenz der Kanzlei Dr. K\u00f6hne in K\u00f6ln ist die Beratung und Vertretung von Unternehmen aus allen Bereichen der Life Sciences Industrie.","robots":{"index":"index","follow":"follow","max-snippet":"max-snippet:-1","max-image-preview":"max-image-preview:large","max-video-preview":"max-video-preview:-1"},"canonical":"https:\/\/kanzlei-koehne.eu\/de\/","og_locale":"de_DE","og_type":"article","og_title":"Kanzlei K\u00f6hne K\u00f6ln","og_description":"Kanzlei K\u00f6hne K\u00f6ln","og_url":"https:\/\/kanzlei-koehne.eu\/de\/","og_site_name":"Kanzlei Koehne","article_modified_time":"2024-04-10T21:39:02+00:00","twitter_card":"summary_large_image","twitter_image":"https:\/\/kanzlei-koehne.eu\/wp-content\/uploads\/logo.png","twitter_misc":{"Gesch\u00e4tzte Lesezeit":"3\u00a0Minuten"},"schema":{"@context":"https:\/\/schema.org","@graph":[{"@type":"WebPage","@id":"https:\/\/kanzlei-koehne.eu\/de\/","url":"https:\/\/kanzlei-koehne.eu\/de\/","name":"KanzleiKanzlei Dr. K\u00f6hne","isPartOf":{"@id":"https:\/\/kanzlei-koehne.eu\/de\/#website"},"datePublished":"2024-03-21T17:28:24+00:00","dateModified":"2024-04-10T21:39:02+00:00","description":"Kernkompetenz der Kanzlei Dr. K\u00f6hne in K\u00f6ln ist die Beratung und Vertretung von Unternehmen aus allen Bereichen der Life Sciences Industrie.","breadcrumb":{"@id":"https:\/\/kanzlei-koehne.eu\/de\/#breadcrumb"},"inLanguage":"de","potentialAction":[{"@type":"ReadAction","target":["https:\/\/kanzlei-koehne.eu\/de\/"]}]},{"@type":"BreadcrumbList","@id":"https:\/\/kanzlei-koehne.eu\/de\/#breadcrumb","itemListElement":[{"@type":"ListItem","position":1,"name":"Startseite","item":"https:\/\/kanzlei-koehne.eu\/de\/"},{"@type":"ListItem","position":2,"name":"Kanzlei Dr. K\u00f6hne"}]},{"@type":"WebSite","@id":"https:\/\/kanzlei-koehne.eu\/de\/#website","url":"https:\/\/kanzlei-koehne.eu\/de\/","name":"Kanzlei Koehne","description":"","potentialAction":[{"@type":"SearchAction","target":{"@type":"EntryPoint","urlTemplate":"https:\/\/kanzlei-koehne.eu\/de\/?s={search_term_string}"},"query-input":"required name=search_term_string"}],"inLanguage":"de"}]}},"_links":{"self":[{"href":"https:\/\/kanzlei-koehne.eu\/de\/wp-json\/wp\/v2\/pages\/5"}],"collection":[{"href":"https:\/\/kanzlei-koehne.eu\/de\/wp-json\/wp\/v2\/pages"}],"about":[{"href":"https:\/\/kanzlei-koehne.eu\/de\/wp-json\/wp\/v2\/types\/page"}],"author":[{"embeddable":true,"href":"https:\/\/kanzlei-koehne.eu\/de\/wp-json\/wp\/v2\/users\/1"}],"replies":[{"embeddable":true,"href":"https:\/\/kanzlei-koehne.eu\/de\/wp-json\/wp\/v2\/comments?post=5"}],"version-history":[{"count":7,"href":"https:\/\/kanzlei-koehne.eu\/de\/wp-json\/wp\/v2\/pages\/5\/revisions"}],"predecessor-version":[{"id":231,"href":"https:\/\/kanzlei-koehne.eu\/de\/wp-json\/wp\/v2\/pages\/5\/revisions\/231"}],"wp:attachment":[{"href":"https:\/\/kanzlei-koehne.eu\/de\/wp-json\/wp\/v2\/media?parent=5"}],"curies":[{"name":"wp","href":"https:\/\/api.w.org\/{rel}","templated":true}]}}