{"id":149,"date":"2024-03-21T23:19:32","date_gmt":"2024-03-21T22:19:32","guid":{"rendered":"https:\/\/kanzlei-koehne.eu\/?page_id=149"},"modified":"2024-04-04T23:19:53","modified_gmt":"2024-04-04T21:19:53","slug":"produktsicherheit-und-produkthaftung","status":"publish","type":"page","link":"https:\/\/kanzlei-koehne.eu\/en\/taetigkeitsschwerpunkte\/produktsicherheit-und-produkthaftung\/","title":{"rendered":"Product Security and Product Liability"},"content":{"rendered":"<div class=\"fusion-fullwidth fullwidth-box fusion-builder-row-1 fusion-flex-container has-pattern-background has-mask-background nonhundred-percent-fullwidth non-hundred-percent-height-scrolling fusion-animated\" style=\"--link_hover_color: var(--awb-color5);--link_color: var(--awb-color4);--awb-border-radius-top-left:0px;--awb-border-radius-top-right:0px;--awb-border-radius-bottom-right:0px;--awb-border-radius-bottom-left:0px;--awb-flex-wrap:wrap;\" data-animationtype=\"fadeIn\" data-animationduration=\"1.0\" data-animationoffset=\"top-into-view\" ><div class=\"fusion-builder-row fusion-row fusion-flex-align-items-flex-start fusion-flex-content-wrap\" style=\"max-width:1248px;margin-left: calc(-4% \/ 2 );margin-right: calc(-4% \/ 2 );\"><div class=\"fusion-layout-column fusion_builder_column fusion-builder-column-0 fusion_builder_column_1_1 1_1 fusion-flex-column\" style=\"--awb-bg-size:cover;--awb-width-large:100%;--awb-margin-top-large:0px;--awb-spacing-right-large:1.92%;--awb-margin-bottom-large:20px;--awb-spacing-left-large:1.92%;--awb-width-medium:100%;--awb-order-medium:0;--awb-spacing-right-medium:1.92%;--awb-spacing-left-medium:1.92%;--awb-width-small:100%;--awb-order-small:0;--awb-spacing-right-small:1.92%;--awb-spacing-left-small:1.92%;\"><div class=\"fusion-column-wrapper fusion-column-has-shadow fusion-flex-justify-content-flex-start fusion-content-layout-column\"><div class=\"fusion-title title fusion-title-1 fusion-no-small-visibility fusion-sep-none fusion-title-center fusion-title-text fusion-title-size-one\" style=\"--awb-font-size:var(--awb-typography1-font-size);\"><h1 class=\"fusion-title-heading title-heading-center\" style=\"font-family:var(--awb-typography1-font-family);font-weight:var(--awb-typography1-font-weight);font-style:var(--awb-typography1-font-style);margin:0;font-size:1em;letter-spacing:var(--awb-typography1-letter-spacing);text-transform:var(--awb-typography1-text-transform);line-height:var(--awb-typography1-line-height);\"><h1>Competence Area: Product Security and Product Liability<\/h1><\/h1><\/div><div class=\"fusion-title title fusion-title-2 fusion-no-medium-visibility fusion-no-large-visibility fusion-sep-none fusion-title-text fusion-title-size-one\" style=\"--awb-font-size:var(--awb-typography1-font-size);\"><h1 class=\"fusion-title-heading title-heading-left\" style=\"font-family:var(--awb-typography1-font-family);font-weight:var(--awb-typography1-font-weight);font-style:var(--awb-typography1-font-style);margin:0;font-size:1em;letter-spacing:var(--awb-typography1-letter-spacing);text-transform:var(--awb-typography1-text-transform);line-height:var(--awb-typography1-line-height);\"><h1>Competence Area: Product Security and Product Liability<\/h1><\/h1><\/div><div class=\"fusion-text fusion-text-1\"><p>The law firm Dr. K\u00f6hne also provides advice to national and international companies and their representation in any issues relating to liability arising from the production and supply of products of different types.<\/p>\n<p>Besides the general provisions relating to product liability included in Section 823 (1) BGB [German Civil Code], contract law or the German Product Liability Act (ProdHaftG), there are numerous other regulations which are relevant, depending on the industry, and which have to be taken into account.<\/p>\n<p>We can offer our industry-specific expertise in particular in the following areas:<\/p>\n<ul>\n<li><a href=\"https:\/\/kanzlei-koehne.eu\/en\/taetigkeitsschwerpunkte\/automobilvertriebsrecht\/\">Automotive, railed and commercial vehicles<\/a><\/li>\n<li><a href=\"https:\/\/kanzlei-koehne.eu\/en\/taetigkeitsschwerpunkte\/lebensmittelrecht\/\">Food<\/a> and <a href=\"https:\/\/kanzlei-koehne.eu\/en\/taetigkeitsschwerpunkte\/futtermittelrecht\/\">animal feed<\/a><\/li>\n<li><a href=\"https:\/\/kanzlei-koehne.eu\/en\/taetigkeitsschwerpunkte\/medizinprodukterecht\/\">Medical devices<\/a><\/li>\n<li><a href=\"https:\/\/kanzlei-koehne.eu\/en\/taetigkeitsschwerpunkte\/arzneimittelrecht\/\">Medicinal products<\/a> (Human and veterinary medicinal products )<\/li>\n<li><a href=\"https:\/\/kanzlei-koehne.eu\/en\/taetigkeitsschwerpunkte\/kosmetikrecht\/\">Cosmetics<\/a><\/li>\n<\/ul>\n<p>The law firm Dr. K\u00f6hne provide legal advice to clients from the outset in the identification and assessment of any liability risks. Furthermore, the law firm Dr. K\u00f6hne assist clients in emergency cases, in cases of recalls as well as in the representation in liability proceedings before courts and the resulting insurance issues.<\/p>\n<p>The range of services in the area of product safety and product liability comprises the following, amongst others:<\/p>\n<ul>\n<li>Communication and assistance in emergency cases<\/li>\n<li>Preparation and realization of product recalls<\/li>\n<li>Enforcement or defence of claims for damages and recourse claims<\/li>\n<li>Enforcement of claims for coverage against liability insurers<\/li>\n<\/ul>\n<p><a href=\"https:\/\/kanzlei-koehne.eu\/en\/taetigkeitsschwerpunkte\/\">\u2192 Back to the overview of the competence areas<\/a><\/p>\n<\/div><\/div><\/div><\/div><\/div>","protected":false},"excerpt":{"rendered":"","protected":false},"author":1,"featured_media":0,"parent":26,"menu_order":0,"comment_status":"closed","ping_status":"closed","template":"100-width.php","meta":{"footnotes":""},"yoast_head":"<!-- This site is optimized with the Yoast SEO plugin v22.6 - https:\/\/yoast.com\/wordpress\/plugins\/seo\/ -->\n<title>Produktsicherheit und Produkthaftung - Kanzlei K\u00f6hne<\/title>\n<meta name=\"description\" content=\"Kernkompetenz der Kanzlei Dr. K\u00f6hne in K\u00f6ln ist die Beratung und Vertretung von Unternehmen aus allen Bereichen der Life Sciences Industrie.\" \/>\n<meta name=\"robots\" content=\"index, follow, max-snippet:-1, max-image-preview:large, max-video-preview:-1\" \/>\n<link rel=\"canonical\" href=\"https:\/\/kanzlei-koehne.eu\/en\/taetigkeitsschwerpunkte\/produktsicherheit-und-produkthaftung\/\" \/>\n<meta property=\"og:locale\" content=\"en_GB\" \/>\n<meta property=\"og:type\" content=\"article\" \/>\n<meta property=\"og:title\" content=\"Produktsicherheit und Produkthaftung - Kanzlei K\u00f6hne\" \/>\n<meta property=\"og:description\" content=\"Kernkompetenz der Kanzlei Dr. K\u00f6hne in K\u00f6ln ist die Beratung und Vertretung von Unternehmen aus allen Bereichen der Life Sciences Industrie.\" \/>\n<meta property=\"og:url\" content=\"https:\/\/kanzlei-koehne.eu\/en\/taetigkeitsschwerpunkte\/produktsicherheit-und-produkthaftung\/\" \/>\n<meta property=\"og:site_name\" content=\"Kanzlei Koehne\" \/>\n<meta property=\"article:modified_time\" content=\"2024-04-04T21:19:53+00:00\" \/>\n<meta name=\"twitter:card\" content=\"summary_large_image\" \/>\n<meta name=\"twitter:label1\" content=\"Estimated reading time\" \/>\n\t<meta name=\"twitter:data1\" content=\"1 minute\" \/>\n<script type=\"application\/ld+json\" class=\"yoast-schema-graph\">{\"@context\":\"https:\/\/schema.org\",\"@graph\":[{\"@type\":\"WebPage\",\"@id\":\"https:\/\/kanzlei-koehne.eu\/de\/taetigkeitsschwerpunkte\/produktsicherheit-und-produkthaftung\/\",\"url\":\"https:\/\/kanzlei-koehne.eu\/de\/taetigkeitsschwerpunkte\/produktsicherheit-und-produkthaftung\/\",\"name\":\"Produktsicherheit und Produkthaftung - Kanzlei K\u00f6hne\",\"isPartOf\":{\"@id\":\"https:\/\/kanzlei-koehne.eu\/de\/#website\"},\"datePublished\":\"2024-03-21T22:19:32+00:00\",\"dateModified\":\"2024-04-04T21:19:53+00:00\",\"description\":\"Kernkompetenz der Kanzlei Dr. K\u00f6hne in K\u00f6ln ist die Beratung und Vertretung von Unternehmen aus allen Bereichen der Life Sciences Industrie.\",\"breadcrumb\":{\"@id\":\"https:\/\/kanzlei-koehne.eu\/de\/taetigkeitsschwerpunkte\/produktsicherheit-und-produkthaftung\/#breadcrumb\"},\"inLanguage\":\"en-GB\",\"potentialAction\":[{\"@type\":\"ReadAction\",\"target\":[\"https:\/\/kanzlei-koehne.eu\/de\/taetigkeitsschwerpunkte\/produktsicherheit-und-produkthaftung\/\"]}]},{\"@type\":\"BreadcrumbList\",\"@id\":\"https:\/\/kanzlei-koehne.eu\/de\/taetigkeitsschwerpunkte\/produktsicherheit-und-produkthaftung\/#breadcrumb\",\"itemListElement\":[{\"@type\":\"ListItem\",\"position\":1,\"name\":\"Startseite\",\"item\":\"https:\/\/kanzlei-koehne.eu\/de\/\"},{\"@type\":\"ListItem\",\"position\":2,\"name\":\"T\u00e4tigkeitsschwerpunkte\",\"item\":\"https:\/\/kanzlei-koehne.eu\/de\/taetigkeitsschwerpunkte\/\"},{\"@type\":\"ListItem\",\"position\":3,\"name\":\"Produktsicherheit und Produkthaftung\"}]},{\"@type\":\"WebSite\",\"@id\":\"https:\/\/kanzlei-koehne.eu\/de\/#website\",\"url\":\"https:\/\/kanzlei-koehne.eu\/de\/\",\"name\":\"Kanzlei Koehne\",\"description\":\"\",\"potentialAction\":[{\"@type\":\"SearchAction\",\"target\":{\"@type\":\"EntryPoint\",\"urlTemplate\":\"https:\/\/kanzlei-koehne.eu\/de\/?s={search_term_string}\"},\"query-input\":\"required name=search_term_string\"}],\"inLanguage\":\"en-GB\"}]}<\/script>\n<!-- \/ Yoast SEO plugin. -->","yoast_head_json":{"title":"Produktsicherheit und Produkthaftung - Kanzlei K\u00f6hne","description":"Kernkompetenz der Kanzlei Dr. K\u00f6hne in K\u00f6ln ist die Beratung und Vertretung von Unternehmen aus allen Bereichen der Life Sciences Industrie.","robots":{"index":"index","follow":"follow","max-snippet":"max-snippet:-1","max-image-preview":"max-image-preview:large","max-video-preview":"max-video-preview:-1"},"canonical":"https:\/\/kanzlei-koehne.eu\/en\/taetigkeitsschwerpunkte\/produktsicherheit-und-produkthaftung\/","og_locale":"en_GB","og_type":"article","og_title":"Produktsicherheit und Produkthaftung - Kanzlei K\u00f6hne","og_description":"Kernkompetenz der Kanzlei Dr. K\u00f6hne in K\u00f6ln ist die Beratung und Vertretung von Unternehmen aus allen Bereichen der Life Sciences Industrie.","og_url":"https:\/\/kanzlei-koehne.eu\/en\/taetigkeitsschwerpunkte\/produktsicherheit-und-produkthaftung\/","og_site_name":"Kanzlei Koehne","article_modified_time":"2024-04-04T21:19:53+00:00","twitter_card":"summary_large_image","twitter_misc":{"Estimated reading time":"1 minute"},"schema":{"@context":"https:\/\/schema.org","@graph":[{"@type":"WebPage","@id":"https:\/\/kanzlei-koehne.eu\/de\/taetigkeitsschwerpunkte\/produktsicherheit-und-produkthaftung\/","url":"https:\/\/kanzlei-koehne.eu\/de\/taetigkeitsschwerpunkte\/produktsicherheit-und-produkthaftung\/","name":"Produktsicherheit und Produkthaftung - Kanzlei K\u00f6hne","isPartOf":{"@id":"https:\/\/kanzlei-koehne.eu\/de\/#website"},"datePublished":"2024-03-21T22:19:32+00:00","dateModified":"2024-04-04T21:19:53+00:00","description":"Kernkompetenz der Kanzlei Dr. K\u00f6hne in K\u00f6ln ist die Beratung und Vertretung von Unternehmen aus allen Bereichen der Life Sciences Industrie.","breadcrumb":{"@id":"https:\/\/kanzlei-koehne.eu\/de\/taetigkeitsschwerpunkte\/produktsicherheit-und-produkthaftung\/#breadcrumb"},"inLanguage":"en-GB","potentialAction":[{"@type":"ReadAction","target":["https:\/\/kanzlei-koehne.eu\/de\/taetigkeitsschwerpunkte\/produktsicherheit-und-produkthaftung\/"]}]},{"@type":"BreadcrumbList","@id":"https:\/\/kanzlei-koehne.eu\/de\/taetigkeitsschwerpunkte\/produktsicherheit-und-produkthaftung\/#breadcrumb","itemListElement":[{"@type":"ListItem","position":1,"name":"Startseite","item":"https:\/\/kanzlei-koehne.eu\/de\/"},{"@type":"ListItem","position":2,"name":"T\u00e4tigkeitsschwerpunkte","item":"https:\/\/kanzlei-koehne.eu\/de\/taetigkeitsschwerpunkte\/"},{"@type":"ListItem","position":3,"name":"Produktsicherheit und Produkthaftung"}]},{"@type":"WebSite","@id":"https:\/\/kanzlei-koehne.eu\/de\/#website","url":"https:\/\/kanzlei-koehne.eu\/de\/","name":"Kanzlei Koehne","description":"","potentialAction":[{"@type":"SearchAction","target":{"@type":"EntryPoint","urlTemplate":"https:\/\/kanzlei-koehne.eu\/de\/?s={search_term_string}"},"query-input":"required name=search_term_string"}],"inLanguage":"en-GB"}]}},"_links":{"self":[{"href":"https:\/\/kanzlei-koehne.eu\/en\/wp-json\/wp\/v2\/pages\/149"}],"collection":[{"href":"https:\/\/kanzlei-koehne.eu\/en\/wp-json\/wp\/v2\/pages"}],"about":[{"href":"https:\/\/kanzlei-koehne.eu\/en\/wp-json\/wp\/v2\/types\/page"}],"author":[{"embeddable":true,"href":"https:\/\/kanzlei-koehne.eu\/en\/wp-json\/wp\/v2\/users\/1"}],"replies":[{"embeddable":true,"href":"https:\/\/kanzlei-koehne.eu\/en\/wp-json\/wp\/v2\/comments?post=149"}],"version-history":[{"count":5,"href":"https:\/\/kanzlei-koehne.eu\/en\/wp-json\/wp\/v2\/pages\/149\/revisions"}],"predecessor-version":[{"id":310,"href":"https:\/\/kanzlei-koehne.eu\/en\/wp-json\/wp\/v2\/pages\/149\/revisions\/310"}],"up":[{"embeddable":true,"href":"https:\/\/kanzlei-koehne.eu\/en\/wp-json\/wp\/v2\/pages\/26"}],"wp:attachment":[{"href":"https:\/\/kanzlei-koehne.eu\/en\/wp-json\/wp\/v2\/media?parent=149"}],"curies":[{"name":"wp","href":"https:\/\/api.w.org\/{rel}","templated":true}]}}