{"id":161,"date":"2024-03-21T23:28:40","date_gmt":"2024-03-21T22:28:40","guid":{"rendered":"https:\/\/kanzlei-koehne.eu\/?page_id=161"},"modified":"2024-03-22T22:36:57","modified_gmt":"2024-03-22T21:36:57","slug":"dr-koehne","status":"publish","type":"page","link":"https:\/\/kanzlei-koehne.eu\/en\/dr-koehne\/","title":{"rendered":"Dr. K\u00f6hne"},"content":{"rendered":"<p><div class=\"fusion-fullwidth fullwidth-box fusion-builder-row-1 fusion-flex-container has-pattern-background has-mask-background nonhundred-percent-fullwidth non-hundred-percent-height-scrolling fusion-no-small-visibility fusion-animated\" style=\"--awb-border-radius-top-left:0px;--awb-border-radius-top-right:0px;--awb-border-radius-bottom-right:0px;--awb-border-radius-bottom-left:0px;--awb-flex-wrap:wrap;\" data-animationtype=\"fadeIn\" data-animationduration=\"1.0\" data-animationoffset=\"top-into-view\" ><div class=\"fusion-builder-row fusion-row fusion-flex-align-items-flex-start fusion-flex-content-wrap\" style=\"max-width:1248px;margin-left: calc(-4% \/ 2 );margin-right: calc(-4% \/ 2 );\"><div class=\"fusion-layout-column fusion_builder_column fusion-builder-column-0 fusion_builder_column_1_1 1_1 fusion-flex-column\" style=\"--awb-bg-size:cover;--awb-width-large:100%;--awb-margin-top-large:0px;--awb-spacing-right-large:1.92%;--awb-margin-bottom-large:20px;--awb-spacing-left-large:1.92%;--awb-width-medium:100%;--awb-order-medium:0;--awb-spacing-right-medium:1.92%;--awb-spacing-left-medium:1.92%;--awb-width-small:100%;--awb-order-small:0;--awb-spacing-right-small:1.92%;--awb-spacing-left-small:1.92%;\"><div class=\"fusion-column-wrapper fusion-column-has-shadow fusion-flex-justify-content-flex-start fusion-content-layout-column\"><div class=\"fusion-title title fusion-title-1 fusion-sep-none fusion-title-center fusion-title-text fusion-title-size-one\" style=\"--awb-text-color:var(--awb-color6);--awb-font-size:var(--awb-typography1-font-size);\"><h1 class=\"fusion-title-heading title-heading-center\" style=\"font-family:var(--awb-typography1-font-family);font-weight:var(--awb-typography1-font-weight);font-style:var(--awb-typography1-font-style);margin:0;font-size:1em;letter-spacing:var(--awb-typography1-letter-spacing);text-transform:var(--awb-typography1-text-transform);line-height:var(--awb-typography1-line-height);\"><h1>Dr. Rainer K\u00f6hne<\/h1><\/h1><\/div><div class=\"fusion-text fusion-text-1\"><p>Dr. Rainer K\u00f6hne studied law at the University of Trier and the Rijksuniversiteit Limburg\/Netherlands. He then completed his legal clerkship at the German University of Administrative Sciences in Speyer and at the Legal Service of the European Parliament in Luxembourg. After completing his studies, he obtained his doctorate at the University of Trier on a topic of European law. Dr K\u00f6hne was admitted to the bar in 1995 and has worked primarily in the healthcare sector for over 20 years.<\/p>\n<p>Dr. K\u00f6hne advises and supports national and international companies at various stages of production and trade in all matters of health law, starting with product launches and the associated demarcation issues, through support in authorisation and registration procedures to the subsequent marketing. His areas of specialisation include in particular<\/p>\n<ul>\n<li>Advice on national and European marketing authorisation procedures<\/li>\n<li>Fundamental issues relating to national and European pharmaceutical law<\/li>\n<li>Advice and legal representation in matters relating to drug advertising law<\/li>\n<li>Advice on official complaints.<\/li>\n<\/ul>\n<p>In addition to his advisory work, Dr. K\u00f6hne is also heavily involved in forensic work, particularly in competition law proceedings.<\/p>\n<p>Dr. K\u00f6hne is a member of the legal committee of the Federal Association of Drug Manufacturers (BAH Bonn).<\/p>\n<\/div><\/div><\/div><\/div><\/div><div class=\"fusion-fullwidth fullwidth-box fusion-builder-row-2 fusion-flex-container has-pattern-background has-mask-background nonhundred-percent-fullwidth non-hundred-percent-height-scrolling fusion-no-medium-visibility fusion-no-large-visibility fusion-animated\" style=\"--awb-border-radius-top-left:0px;--awb-border-radius-top-right:0px;--awb-border-radius-bottom-right:0px;--awb-border-radius-bottom-left:0px;--awb-flex-wrap:wrap;\" data-animationtype=\"fadeIn\" data-animationduration=\"1.0\" data-animationoffset=\"top-into-view\" ><div class=\"fusion-builder-row fusion-row fusion-flex-align-items-flex-start fusion-flex-content-wrap\" style=\"max-width:1248px;margin-left: calc(-4% \/ 2 );margin-right: calc(-4% \/ 2 );\"><div class=\"fusion-layout-column fusion_builder_column fusion-builder-column-1 fusion_builder_column_1_1 1_1 fusion-flex-column\" style=\"--awb-bg-size:cover;--awb-width-large:100%;--awb-margin-top-large:0px;--awb-spacing-right-large:1.92%;--awb-margin-bottom-large:20px;--awb-spacing-left-large:1.92%;--awb-width-medium:100%;--awb-order-medium:0;--awb-spacing-right-medium:1.92%;--awb-spacing-left-medium:1.92%;--awb-width-small:100%;--awb-order-small:0;--awb-spacing-right-small:1.92%;--awb-spacing-left-small:1.92%;\"><div class=\"fusion-column-wrapper fusion-column-has-shadow fusion-flex-justify-content-flex-start fusion-content-layout-column\"><div class=\"fusion-title title fusion-title-2 fusion-sep-none fusion-title-text fusion-title-size-one\" style=\"--awb-text-color:var(--awb-color6);--awb-font-size:var(--awb-typography1-font-size);\"><h1 class=\"fusion-title-heading title-heading-left\" style=\"font-family:var(--awb-typography1-font-family);font-weight:var(--awb-typography1-font-weight);font-style:var(--awb-typography1-font-style);margin:0;font-size:1em;letter-spacing:var(--awb-typography1-letter-spacing);text-transform:var(--awb-typography1-text-transform);line-height:var(--awb-typography1-line-height);\"><h1>Dr. Rainer K\u00f6hne<\/h1><\/h1><\/div><div class=\"fusion-text fusion-text-2\"><p>Dr. Rainer K\u00f6hne studied law at the University of Trier and the Rijksuniversiteit Limburg\/Netherlands. He then completed his legal clerkship at the German University of Administrative Sciences in Speyer and at the Legal Service of the European Parliament in Luxembourg. After completing his studies, he obtained his doctorate at the University of Trier on a topic of European law. Dr K\u00f6hne was admitted to the bar in 1995 and has worked primarily in the healthcare sector for over 20 years.<\/p>\n<p>Dr. K\u00f6hne advises and supports national and international companies at various stages of production and trade in all matters of health law, starting with product launches and the associated demarcation issues, through support in authorisation and registration procedures to the subsequent marketing. His areas of specialisation include in particular<\/p>\n<ul>\n<li>Advice on national and European marketing authorisation procedures<\/li>\n<li>Fundamental issues relating to national and European pharmaceutical law<\/li>\n<li>Advice and legal representation in matters relating to drug advertising law<\/li>\n<li>Advice on official complaints.<\/li>\n<\/ul>\n<p>In addition to his advisory work, Dr. K\u00f6hne is also heavily involved in forensic work, particularly in competition law proceedings.<\/p>\n<p>Dr. K\u00f6hne is a member of the legal committee of the Federal Association of Drug Manufacturers (BAH Bonn).<\/p>\n<\/div><\/div><\/div><\/div><\/div><\/p>","protected":false},"excerpt":{"rendered":"","protected":false},"author":1,"featured_media":0,"parent":0,"menu_order":0,"comment_status":"closed","ping_status":"closed","template":"100-width.php","meta":{"footnotes":""},"yoast_head":"<!-- This site is optimized with the Yoast SEO plugin v22.6 - https:\/\/yoast.com\/wordpress\/plugins\/seo\/ -->\n<title>Kanzlei Dr. K\u00f6hne<\/title>\n<meta name=\"description\" content=\"Kernkompetenz der Kanzlei Dr. K\u00f6hne ist die Beratung und Vertretung von Unternehmen aus allen Bereichen der Life Sciences Industrie. Volksgartenstra\u00dfe 54 a 50677 K\u00f6ln\" \/>\n<meta name=\"robots\" content=\"index, follow, max-snippet:-1, max-image-preview:large, max-video-preview:-1\" \/>\n<link rel=\"canonical\" href=\"https:\/\/kanzlei-koehne.eu\/en\/dr-koehne\/\" \/>\n<meta property=\"og:locale\" content=\"en_GB\" \/>\n<meta property=\"og:type\" content=\"article\" \/>\n<meta property=\"og:title\" content=\"Kanzlei Dr. K\u00f6hne\" \/>\n<meta property=\"og:description\" content=\"Kernkompetenz der Kanzlei Dr. K\u00f6hne ist die Beratung und Vertretung von Unternehmen aus allen Bereichen der Life Sciences Industrie. Volksgartenstra\u00dfe 54 a 50677 K\u00f6ln\" \/>\n<meta property=\"og:url\" content=\"https:\/\/kanzlei-koehne.eu\/en\/dr-koehne\/\" \/>\n<meta property=\"og:site_name\" content=\"Kanzlei Koehne\" \/>\n<meta property=\"article:modified_time\" content=\"2024-03-22T21:36:57+00:00\" \/>\n<meta name=\"twitter:card\" content=\"summary_large_image\" \/>\n<meta name=\"twitter:label1\" content=\"Estimated reading time\" \/>\n\t<meta name=\"twitter:data1\" content=\"2 minutes\" \/>\n<script type=\"application\/ld+json\" class=\"yoast-schema-graph\">{\"@context\":\"https:\/\/schema.org\",\"@graph\":[{\"@type\":\"WebPage\",\"@id\":\"https:\/\/kanzlei-koehne.eu\/en\/dr-koehne\/\",\"url\":\"https:\/\/kanzlei-koehne.eu\/en\/dr-koehne\/\",\"name\":\"Kanzlei Dr. K\u00f6hne\",\"isPartOf\":{\"@id\":\"https:\/\/kanzlei-koehne.eu\/de\/#website\"},\"datePublished\":\"2024-03-21T22:28:40+00:00\",\"dateModified\":\"2024-03-22T21:36:57+00:00\",\"description\":\"Kernkompetenz der Kanzlei Dr. K\u00f6hne ist die Beratung und Vertretung von Unternehmen aus allen Bereichen der Life Sciences Industrie. Volksgartenstra\u00dfe 54 a 50677 K\u00f6ln\",\"breadcrumb\":{\"@id\":\"https:\/\/kanzlei-koehne.eu\/en\/dr-koehne\/#breadcrumb\"},\"inLanguage\":\"en-GB\",\"potentialAction\":[{\"@type\":\"ReadAction\",\"target\":[\"https:\/\/kanzlei-koehne.eu\/en\/dr-koehne\/\"]}]},{\"@type\":\"BreadcrumbList\",\"@id\":\"https:\/\/kanzlei-koehne.eu\/en\/dr-koehne\/#breadcrumb\",\"itemListElement\":[{\"@type\":\"ListItem\",\"position\":1,\"name\":\"Startseite\",\"item\":\"https:\/\/kanzlei-koehne.eu\/de\/\"},{\"@type\":\"ListItem\",\"position\":2,\"name\":\"Dr. K\u00f6hne\"}]},{\"@type\":\"WebSite\",\"@id\":\"https:\/\/kanzlei-koehne.eu\/de\/#website\",\"url\":\"https:\/\/kanzlei-koehne.eu\/de\/\",\"name\":\"Kanzlei Koehne\",\"description\":\"\",\"potentialAction\":[{\"@type\":\"SearchAction\",\"target\":{\"@type\":\"EntryPoint\",\"urlTemplate\":\"https:\/\/kanzlei-koehne.eu\/de\/?s={search_term_string}\"},\"query-input\":\"required name=search_term_string\"}],\"inLanguage\":\"en-GB\"}]}<\/script>\n<!-- \/ Yoast SEO plugin. -->","yoast_head_json":{"title":"Kanzlei Dr. K\u00f6hne","description":"Kernkompetenz der Kanzlei Dr. K\u00f6hne ist die Beratung und Vertretung von Unternehmen aus allen Bereichen der Life Sciences Industrie. Volksgartenstra\u00dfe 54 a 50677 K\u00f6ln","robots":{"index":"index","follow":"follow","max-snippet":"max-snippet:-1","max-image-preview":"max-image-preview:large","max-video-preview":"max-video-preview:-1"},"canonical":"https:\/\/kanzlei-koehne.eu\/en\/dr-koehne\/","og_locale":"en_GB","og_type":"article","og_title":"Kanzlei Dr. K\u00f6hne","og_description":"Kernkompetenz der Kanzlei Dr. K\u00f6hne ist die Beratung und Vertretung von Unternehmen aus allen Bereichen der Life Sciences Industrie. Volksgartenstra\u00dfe 54 a 50677 K\u00f6ln","og_url":"https:\/\/kanzlei-koehne.eu\/en\/dr-koehne\/","og_site_name":"Kanzlei Koehne","article_modified_time":"2024-03-22T21:36:57+00:00","twitter_card":"summary_large_image","twitter_misc":{"Estimated reading time":"2 minutes"},"schema":{"@context":"https:\/\/schema.org","@graph":[{"@type":"WebPage","@id":"https:\/\/kanzlei-koehne.eu\/en\/dr-koehne\/","url":"https:\/\/kanzlei-koehne.eu\/en\/dr-koehne\/","name":"Kanzlei Dr. K\u00f6hne","isPartOf":{"@id":"https:\/\/kanzlei-koehne.eu\/de\/#website"},"datePublished":"2024-03-21T22:28:40+00:00","dateModified":"2024-03-22T21:36:57+00:00","description":"Kernkompetenz der Kanzlei Dr. K\u00f6hne ist die Beratung und Vertretung von Unternehmen aus allen Bereichen der Life Sciences Industrie. Volksgartenstra\u00dfe 54 a 50677 K\u00f6ln","breadcrumb":{"@id":"https:\/\/kanzlei-koehne.eu\/en\/dr-koehne\/#breadcrumb"},"inLanguage":"en-GB","potentialAction":[{"@type":"ReadAction","target":["https:\/\/kanzlei-koehne.eu\/en\/dr-koehne\/"]}]},{"@type":"BreadcrumbList","@id":"https:\/\/kanzlei-koehne.eu\/en\/dr-koehne\/#breadcrumb","itemListElement":[{"@type":"ListItem","position":1,"name":"Startseite","item":"https:\/\/kanzlei-koehne.eu\/de\/"},{"@type":"ListItem","position":2,"name":"Dr. K\u00f6hne"}]},{"@type":"WebSite","@id":"https:\/\/kanzlei-koehne.eu\/de\/#website","url":"https:\/\/kanzlei-koehne.eu\/de\/","name":"Kanzlei Koehne","description":"","potentialAction":[{"@type":"SearchAction","target":{"@type":"EntryPoint","urlTemplate":"https:\/\/kanzlei-koehne.eu\/de\/?s={search_term_string}"},"query-input":"required name=search_term_string"}],"inLanguage":"en-GB"}]}},"_links":{"self":[{"href":"https:\/\/kanzlei-koehne.eu\/en\/wp-json\/wp\/v2\/pages\/161"}],"collection":[{"href":"https:\/\/kanzlei-koehne.eu\/en\/wp-json\/wp\/v2\/pages"}],"about":[{"href":"https:\/\/kanzlei-koehne.eu\/en\/wp-json\/wp\/v2\/types\/page"}],"author":[{"embeddable":true,"href":"https:\/\/kanzlei-koehne.eu\/en\/wp-json\/wp\/v2\/users\/1"}],"replies":[{"embeddable":true,"href":"https:\/\/kanzlei-koehne.eu\/en\/wp-json\/wp\/v2\/comments?post=161"}],"version-history":[{"count":6,"href":"https:\/\/kanzlei-koehne.eu\/en\/wp-json\/wp\/v2\/pages\/161\/revisions"}],"predecessor-version":[{"id":232,"href":"https:\/\/kanzlei-koehne.eu\/en\/wp-json\/wp\/v2\/pages\/161\/revisions\/232"}],"wp:attachment":[{"href":"https:\/\/kanzlei-koehne.eu\/en\/wp-json\/wp\/v2\/media?parent=161"}],"curies":[{"name":"wp","href":"https:\/\/api.w.org\/{rel}","templated":true}]}}