{"id":197,"date":"2024-03-22T00:11:50","date_gmt":"2024-03-21T23:11:50","guid":{"rendered":"https:\/\/kanzlei-koehne.eu\/?page_id=197"},"modified":"2024-04-04T23:21:20","modified_gmt":"2024-04-04T21:21:20","slug":"anfahrt","status":"publish","type":"page","link":"https:\/\/kanzlei-koehne.eu\/en\/kontakt\/anfahrt\/","title":{"rendered":"How to find us"},"content":{"rendered":"<p><div class=\"fusion-fullwidth fullwidth-box fusion-builder-row-1 fusion-flex-container has-pattern-background has-mask-background nonhundred-percent-fullwidth non-hundred-percent-height-scrolling fusion-no-small-visibility fusion-animated\" style=\"--link_hover_color: var(--awb-color5);--link_color: var(--awb-color4);--awb-border-radius-top-left:0px;--awb-border-radius-top-right:0px;--awb-border-radius-bottom-right:0px;--awb-border-radius-bottom-left:0px;--awb-flex-wrap:wrap;\" data-animationtype=\"fadeIn\" data-animationduration=\"1.0\" data-animationoffset=\"top-into-view\" ><div class=\"fusion-builder-row fusion-row fusion-flex-align-items-flex-start fusion-flex-content-wrap\" style=\"max-width:1248px;margin-left: calc(-4% \/ 2 );margin-right: calc(-4% \/ 2 );\"><div class=\"fusion-layout-column fusion_builder_column fusion-builder-column-0 fusion_builder_column_1_1 1_1 fusion-flex-column\" style=\"--awb-bg-size:cover;--awb-width-large:100%;--awb-margin-top-large:0px;--awb-spacing-right-large:1.92%;--awb-margin-bottom-large:20px;--awb-spacing-left-large:1.92%;--awb-width-medium:100%;--awb-order-medium:0;--awb-spacing-right-medium:1.92%;--awb-spacing-left-medium:1.92%;--awb-width-small:100%;--awb-order-small:0;--awb-spacing-right-small:1.92%;--awb-spacing-left-small:1.92%;\"><div class=\"fusion-column-wrapper fusion-column-has-shadow fusion-flex-justify-content-flex-start fusion-content-layout-column\"><div class=\"fusion-title title fusion-title-1 fusion-sep-none fusion-title-center fusion-title-text fusion-title-size-one\" style=\"--awb-font-size:var(--awb-typography1-font-size);\"><h1 class=\"fusion-title-heading title-heading-center\" style=\"font-family:var(--awb-typography1-font-family);font-weight:var(--awb-typography1-font-weight);font-style:var(--awb-typography1-font-style);margin:0;font-size:1em;letter-spacing:var(--awb-typography1-letter-spacing);text-transform:var(--awb-typography1-text-transform);line-height:var(--awb-typography1-line-height);\"><h1>How to find us<\/h1><\/h1><\/div><div class=\"fusion-text fusion-text-1\"><p>Law office Dr. K\u00f6hne<br \/>\nVolksgartenstra\u00dfe 54 a<br \/>\n50677 K\u00f6ln<\/p>\n<p>Telefon: +49 221 598 100 \u2013 21<br \/>\nTelefax: +49 221 598 100 \u2013 10<\/p>\n<p>How to find us with tram line:<br \/>\n-<br \/>\n-<\/p>\n<ul>\n<li>12 to station Eifelplatz<\/li>\n<li>15 and 16 to station Eifelstrasse<\/li>\n<li><a href=\"http:\/\/auskunft.kvb-koeln.de\/\" target=\"_blank\" rel=\"noopener noreferrer\">Time table information of KVB<\/a><\/li>\n<\/ul>\n<\/div><\/div><\/div><\/div><\/div><div class=\"fusion-fullwidth fullwidth-box fusion-builder-row-2 fusion-flex-container has-pattern-background has-mask-background nonhundred-percent-fullwidth non-hundred-percent-height-scrolling fusion-no-medium-visibility fusion-no-large-visibility fusion-animated\" style=\"--link_hover_color: var(--awb-color5);--link_color: var(--awb-color4);--awb-border-radius-top-left:0px;--awb-border-radius-top-right:0px;--awb-border-radius-bottom-right:0px;--awb-border-radius-bottom-left:0px;--awb-flex-wrap:wrap;\" data-animationtype=\"fadeIn\" data-animationduration=\"1.0\" data-animationoffset=\"top-into-view\" ><div class=\"fusion-builder-row fusion-row fusion-flex-align-items-flex-start fusion-flex-content-wrap\" style=\"max-width:1248px;margin-left: calc(-4% \/ 2 );margin-right: calc(-4% \/ 2 );\"><div class=\"fusion-layout-column fusion_builder_column fusion-builder-column-1 fusion_builder_column_1_1 1_1 fusion-flex-column\" style=\"--awb-bg-size:cover;--awb-width-large:100%;--awb-margin-top-large:0px;--awb-spacing-right-large:1.92%;--awb-margin-bottom-large:20px;--awb-spacing-left-large:1.92%;--awb-width-medium:100%;--awb-order-medium:0;--awb-spacing-right-medium:1.92%;--awb-spacing-left-medium:1.92%;--awb-width-small:100%;--awb-order-small:0;--awb-spacing-right-small:1.92%;--awb-spacing-left-small:1.92%;\"><div class=\"fusion-column-wrapper fusion-column-has-shadow fusion-flex-justify-content-flex-start fusion-content-layout-column\"><div class=\"fusion-title title fusion-title-2 fusion-sep-none fusion-title-text fusion-title-size-one\" style=\"--awb-font-size:var(--awb-typography1-font-size);\"><h1 class=\"fusion-title-heading title-heading-left\" style=\"font-family:var(--awb-typography1-font-family);font-weight:var(--awb-typography1-font-weight);font-style:var(--awb-typography1-font-style);margin:0;font-size:1em;letter-spacing:var(--awb-typography1-letter-spacing);text-transform:var(--awb-typography1-text-transform);line-height:var(--awb-typography1-line-height);\"><h1>How to find us<\/h1><\/h1><\/div><div class=\"fusion-text fusion-text-2\"><p>Law office Dr. K\u00f6hne<br \/>\nVolksgartenstra\u00dfe 54 a<br \/>\n50677 K\u00f6ln<\/p>\n<p>Telefon: +49 221 598 100 \u2013 21<br \/>\nTelefax: +49 221 598 100 \u2013 10<\/p>\n<p>How to find us with tram line:<br \/>\n-<br \/>\n-<\/p>\n<ul>\n<li>12 to station Eifelplatz<\/li>\n<li>15 and 16 to station Eifelstrasse<\/li>\n<li><a href=\"https:\/\/web.archive.org\/web\/20230322003107\/http:\/\/auskunft.kvb-koeln.de\/\" target=\"_blank\" rel=\"noopener noreferrer\">Time table information of KVB<\/a><\/li>\n<\/ul>\n<\/div><\/div><\/div><\/div><\/div><div class=\"fusion-fullwidth fullwidth-box fusion-builder-row-3 fusion-flex-container has-pattern-background has-mask-background nonhundred-percent-fullwidth non-hundred-percent-height-scrolling\" style=\"--awb-border-radius-top-left:0px;--awb-border-radius-top-right:0px;--awb-border-radius-bottom-right:0px;--awb-border-radius-bottom-left:0px;--awb-flex-wrap:wrap;\" ><div class=\"fusion-builder-row fusion-row fusion-flex-align-items-flex-start fusion-flex-content-wrap\" style=\"max-width:1248px;margin-left: calc(-4% \/ 2 );margin-right: calc(-4% \/ 2 );\"><div class=\"fusion-layout-column fusion_builder_column fusion-builder-column-2 fusion_builder_column_1_1 1_1 fusion-flex-column fusion-no-small-visibility\" style=\"--awb-bg-size:cover;--awb-width-large:100%;--awb-margin-top-large:0px;--awb-spacing-right-large:1.92%;--awb-margin-bottom-large:20px;--awb-spacing-left-large:1.92%;--awb-width-medium:100%;--awb-order-medium:0;--awb-spacing-right-medium:1.92%;--awb-spacing-left-medium:1.92%;--awb-width-small:100%;--awb-order-small:0;--awb-spacing-right-small:1.92%;--awb-spacing-left-small:1.92%;\" data-scroll-devices=\"small-visibility,medium-visibility,large-visibility\"><div class=\"fusion-column-wrapper fusion-column-has-shadow fusion-flex-justify-content-flex-start fusion-content-layout-column\"><iframe src=\"https:\/\/www.google.com\/maps\/embed?pb=!1m18!1m12!1m3!1d2515.031540234538!2d6.944376012089854!3d50.92313355309945!2m3!1f0!2f0!3f0!3m2!1i1024!2i768!4f13.1!3m3!1m2!1s0x47bf2450d4a38c5b%3A0x23e723c183d3d75d!2sVolksgartenstra%C3%9Fe%2054a%2C%2050677%20K%C3%B6ln!5e0!3m2!1sde!2sde!4v1711062700665!5m2!1sde!2sde\" width=\"1200\" height=\"450\" style=\"border:0;\" allowfullscreen=\"\" loading=\"lazy\" referrerpolicy=\"no-referrer-when-downgrade\"><\/iframe><\/div><\/div><div class=\"fusion-layout-column fusion_builder_column fusion-builder-column-3 fusion_builder_column_1_1 1_1 fusion-flex-column fusion-no-medium-visibility fusion-no-large-visibility\" style=\"--awb-bg-size:cover;--awb-width-large:100%;--awb-margin-top-large:0px;--awb-spacing-right-large:1.92%;--awb-margin-bottom-large:20px;--awb-spacing-left-large:1.92%;--awb-width-medium:100%;--awb-order-medium:0;--awb-spacing-right-medium:1.92%;--awb-spacing-left-medium:1.92%;--awb-width-small:100%;--awb-order-small:0;--awb-spacing-right-small:1.92%;--awb-spacing-left-small:1.92%;\" data-scroll-devices=\"small-visibility,medium-visibility,large-visibility\"><div class=\"fusion-column-wrapper fusion-column-has-shadow fusion-flex-justify-content-flex-start fusion-content-layout-column\"><iframe src=\"https:\/\/www.google.com\/maps\/embed?pb=!1m18!1m12!1m3!1d2515.031540234538!2d6.944376012089854!3d50.92313355309945!2m3!1f0!2f0!3f0!3m2!1i1024!2i768!4f13.1!3m3!1m2!1s0x47bf2450d4a38c5b%3A0x23e723c183d3d75d!2sVolksgartenstra%C3%9Fe%2054a%2C%2050677%20K%C3%B6ln!5e0!3m2!1sde!2sde!4v1711062700665!5m2!1sde!2sde\" width=\"335 height=\"450\" style=\"border:0;\" allowfullscreen=\"\" loading=\"lazy\" referrerpolicy=\"no-referrer-when-downgrade\"><\/iframe><\/div><\/div><\/div><\/div><\/p>","protected":false},"excerpt":{"rendered":"","protected":false},"author":1,"featured_media":0,"parent":32,"menu_order":0,"comment_status":"closed","ping_status":"closed","template":"100-width.php","meta":{"footnotes":""},"yoast_head":"<!-- This site is optimized with the Yoast SEO plugin v22.6 - https:\/\/yoast.com\/wordpress\/plugins\/seo\/ -->\n<title>Anfahrt - Kanzlei K\u00f6hne<\/title>\n<meta name=\"description\" content=\"Kernkompetenz der Kanzlei Dr. K\u00f6hne in K\u00f6ln ist die Beratung und Vertretung von Unternehmen aus allen Bereichen der Life Sciences Industrie.\" \/>\n<meta name=\"robots\" content=\"index, follow, max-snippet:-1, max-image-preview:large, max-video-preview:-1\" \/>\n<link rel=\"canonical\" href=\"https:\/\/kanzlei-koehne.eu\/en\/kontakt\/anfahrt\/\" \/>\n<meta property=\"og:locale\" content=\"en_GB\" \/>\n<meta property=\"og:type\" content=\"article\" \/>\n<meta property=\"og:title\" content=\"Anfahrt - Kanzlei K\u00f6hne\" \/>\n<meta property=\"og:description\" content=\"Kernkompetenz der Kanzlei Dr. K\u00f6hne in K\u00f6ln ist die Beratung und Vertretung von Unternehmen aus allen Bereichen der Life Sciences Industrie.\" \/>\n<meta property=\"og:url\" content=\"https:\/\/kanzlei-koehne.eu\/en\/kontakt\/anfahrt\/\" \/>\n<meta property=\"og:site_name\" content=\"Kanzlei Koehne\" \/>\n<meta property=\"article:modified_time\" content=\"2024-04-04T21:21:20+00:00\" \/>\n<meta name=\"twitter:card\" content=\"summary_large_image\" \/>\n<meta name=\"twitter:label1\" content=\"Estimated reading time\" \/>\n\t<meta name=\"twitter:data1\" content=\"1 minute\" \/>\n<script type=\"application\/ld+json\" class=\"yoast-schema-graph\">{\"@context\":\"https:\/\/schema.org\",\"@graph\":[{\"@type\":\"WebPage\",\"@id\":\"https:\/\/kanzlei-koehne.eu\/de\/kontakt\/anfahrt\/\",\"url\":\"https:\/\/kanzlei-koehne.eu\/de\/kontakt\/anfahrt\/\",\"name\":\"Anfahrt - Kanzlei K\u00f6hne\",\"isPartOf\":{\"@id\":\"https:\/\/kanzlei-koehne.eu\/de\/#website\"},\"datePublished\":\"2024-03-21T23:11:50+00:00\",\"dateModified\":\"2024-04-04T21:21:20+00:00\",\"description\":\"Kernkompetenz der Kanzlei Dr. K\u00f6hne in K\u00f6ln ist die Beratung und Vertretung von Unternehmen aus allen Bereichen der Life Sciences Industrie.\",\"breadcrumb\":{\"@id\":\"https:\/\/kanzlei-koehne.eu\/de\/kontakt\/anfahrt\/#breadcrumb\"},\"inLanguage\":\"en-GB\",\"potentialAction\":[{\"@type\":\"ReadAction\",\"target\":[\"https:\/\/kanzlei-koehne.eu\/de\/kontakt\/anfahrt\/\"]}]},{\"@type\":\"BreadcrumbList\",\"@id\":\"https:\/\/kanzlei-koehne.eu\/de\/kontakt\/anfahrt\/#breadcrumb\",\"itemListElement\":[{\"@type\":\"ListItem\",\"position\":1,\"name\":\"Startseite\",\"item\":\"https:\/\/kanzlei-koehne.eu\/de\/\"},{\"@type\":\"ListItem\",\"position\":2,\"name\":\"Kontakt\",\"item\":\"https:\/\/kanzlei-koehne.eu\/de\/kontakt\/\"},{\"@type\":\"ListItem\",\"position\":3,\"name\":\"Anfahrt\"}]},{\"@type\":\"WebSite\",\"@id\":\"https:\/\/kanzlei-koehne.eu\/de\/#website\",\"url\":\"https:\/\/kanzlei-koehne.eu\/de\/\",\"name\":\"Kanzlei Koehne\",\"description\":\"\",\"potentialAction\":[{\"@type\":\"SearchAction\",\"target\":{\"@type\":\"EntryPoint\",\"urlTemplate\":\"https:\/\/kanzlei-koehne.eu\/de\/?s={search_term_string}\"},\"query-input\":\"required name=search_term_string\"}],\"inLanguage\":\"en-GB\"}]}<\/script>\n<!-- \/ Yoast SEO plugin. -->","yoast_head_json":{"title":"Anfahrt - Kanzlei K\u00f6hne","description":"Kernkompetenz der Kanzlei Dr. K\u00f6hne in K\u00f6ln ist die Beratung und Vertretung von Unternehmen aus allen Bereichen der Life Sciences Industrie.","robots":{"index":"index","follow":"follow","max-snippet":"max-snippet:-1","max-image-preview":"max-image-preview:large","max-video-preview":"max-video-preview:-1"},"canonical":"https:\/\/kanzlei-koehne.eu\/en\/kontakt\/anfahrt\/","og_locale":"en_GB","og_type":"article","og_title":"Anfahrt - Kanzlei K\u00f6hne","og_description":"Kernkompetenz der Kanzlei Dr. K\u00f6hne in K\u00f6ln ist die Beratung und Vertretung von Unternehmen aus allen Bereichen der Life Sciences Industrie.","og_url":"https:\/\/kanzlei-koehne.eu\/en\/kontakt\/anfahrt\/","og_site_name":"Kanzlei Koehne","article_modified_time":"2024-04-04T21:21:20+00:00","twitter_card":"summary_large_image","twitter_misc":{"Estimated reading time":"1 minute"},"schema":{"@context":"https:\/\/schema.org","@graph":[{"@type":"WebPage","@id":"https:\/\/kanzlei-koehne.eu\/de\/kontakt\/anfahrt\/","url":"https:\/\/kanzlei-koehne.eu\/de\/kontakt\/anfahrt\/","name":"Anfahrt - Kanzlei K\u00f6hne","isPartOf":{"@id":"https:\/\/kanzlei-koehne.eu\/de\/#website"},"datePublished":"2024-03-21T23:11:50+00:00","dateModified":"2024-04-04T21:21:20+00:00","description":"Kernkompetenz der Kanzlei Dr. K\u00f6hne in K\u00f6ln ist die Beratung und Vertretung von Unternehmen aus allen Bereichen der Life Sciences Industrie.","breadcrumb":{"@id":"https:\/\/kanzlei-koehne.eu\/de\/kontakt\/anfahrt\/#breadcrumb"},"inLanguage":"en-GB","potentialAction":[{"@type":"ReadAction","target":["https:\/\/kanzlei-koehne.eu\/de\/kontakt\/anfahrt\/"]}]},{"@type":"BreadcrumbList","@id":"https:\/\/kanzlei-koehne.eu\/de\/kontakt\/anfahrt\/#breadcrumb","itemListElement":[{"@type":"ListItem","position":1,"name":"Startseite","item":"https:\/\/kanzlei-koehne.eu\/de\/"},{"@type":"ListItem","position":2,"name":"Kontakt","item":"https:\/\/kanzlei-koehne.eu\/de\/kontakt\/"},{"@type":"ListItem","position":3,"name":"Anfahrt"}]},{"@type":"WebSite","@id":"https:\/\/kanzlei-koehne.eu\/de\/#website","url":"https:\/\/kanzlei-koehne.eu\/de\/","name":"Kanzlei Koehne","description":"","potentialAction":[{"@type":"SearchAction","target":{"@type":"EntryPoint","urlTemplate":"https:\/\/kanzlei-koehne.eu\/de\/?s={search_term_string}"},"query-input":"required name=search_term_string"}],"inLanguage":"en-GB"}]}},"_links":{"self":[{"href":"https:\/\/kanzlei-koehne.eu\/en\/wp-json\/wp\/v2\/pages\/197"}],"collection":[{"href":"https:\/\/kanzlei-koehne.eu\/en\/wp-json\/wp\/v2\/pages"}],"about":[{"href":"https:\/\/kanzlei-koehne.eu\/en\/wp-json\/wp\/v2\/types\/page"}],"author":[{"embeddable":true,"href":"https:\/\/kanzlei-koehne.eu\/en\/wp-json\/wp\/v2\/users\/1"}],"replies":[{"embeddable":true,"href":"https:\/\/kanzlei-koehne.eu\/en\/wp-json\/wp\/v2\/comments?post=197"}],"version-history":[{"count":11,"href":"https:\/\/kanzlei-koehne.eu\/en\/wp-json\/wp\/v2\/pages\/197\/revisions"}],"predecessor-version":[{"id":311,"href":"https:\/\/kanzlei-koehne.eu\/en\/wp-json\/wp\/v2\/pages\/197\/revisions\/311"}],"up":[{"embeddable":true,"href":"https:\/\/kanzlei-koehne.eu\/en\/wp-json\/wp\/v2\/pages\/32"}],"wp:attachment":[{"href":"https:\/\/kanzlei-koehne.eu\/en\/wp-json\/wp\/v2\/media?parent=197"}],"curies":[{"name":"wp","href":"https:\/\/api.w.org\/{rel}","templated":true}]}}