{"id":205,"date":"2024-03-22T00:19:47","date_gmt":"2024-03-21T23:19:47","guid":{"rendered":"https:\/\/kanzlei-koehne.eu\/?page_id=205"},"modified":"2024-08-01T20:36:00","modified_gmt":"2024-08-01T18:36:00","slug":"impressum","status":"publish","type":"page","link":"https:\/\/kanzlei-koehne.eu\/en\/impressum\/","title":{"rendered":"Legal notice"},"content":{"rendered":"<p><div class=\"fusion-fullwidth fullwidth-box fusion-builder-row-1 fusion-flex-container has-pattern-background has-mask-background nonhundred-percent-fullwidth non-hundred-percent-height-scrolling fusion-no-small-visibility\" style=\"--link_hover_color: var(--awb-color7);--link_color: var(--awb-color4);--awb-border-radius-top-left:0px;--awb-border-radius-top-right:0px;--awb-border-radius-bottom-right:0px;--awb-border-radius-bottom-left:0px;--awb-flex-wrap:wrap;\" ><div class=\"fusion-builder-row fusion-row fusion-flex-align-items-flex-start fusion-flex-content-wrap\" style=\"max-width:1248px;margin-left: calc(-4% \/ 2 );margin-right: calc(-4% \/ 2 );\"><div class=\"fusion-layout-column fusion_builder_column fusion-builder-column-0 fusion_builder_column_1_1 1_1 fusion-flex-column\" style=\"--awb-bg-blend:overlay;--awb-bg-size:cover;--awb-width-large:100%;--awb-margin-top-large:0px;--awb-spacing-right-large:1.92%;--awb-margin-bottom-large:0px;--awb-spacing-left-large:1.92%;--awb-width-medium:100%;--awb-spacing-right-medium:1.92%;--awb-spacing-left-medium:1.92%;--awb-width-small:100%;--awb-spacing-right-small:1.92%;--awb-spacing-left-small:1.92%;\"><div class=\"fusion-column-wrapper fusion-flex-justify-content-flex-start fusion-content-layout-column\"><div class=\"fusion-title title fusion-title-1 fusion-sep-none fusion-title-center fusion-title-text fusion-title-size-one\" style=\"--awb-font-size:var(--awb-typography1-font-size);\"><h1 class=\"fusion-title-heading title-heading-center\" style=\"font-family:var(--awb-typography1-font-family);font-weight:var(--awb-typography1-font-weight);font-style:var(--awb-typography1-font-style);margin:0;font-size:1em;letter-spacing:var(--awb-typography1-letter-spacing);text-transform:var(--awb-typography1-text-transform);line-height:var(--awb-typography1-line-height);\"><h1>Legal notice<\/h1><\/h1><\/div><div class=\"fusion-text fusion-text-1\"><p><strong>Law office  Dr. Rainer K\u00f6hne<\/strong><br \/>\nVolksgartenstra\u00dfe 54a, 50677 K\u00f6ln<br \/>\nPhone: +49 221 598 100 \u2013 00<br \/>\nTelefax: +49 221 598 100 \u2013 10<br \/>\n<a href=\"mailto:dr.koehne@kanzlei-koehne.eu\" target=\"_blank\" rel=\"noopener\">dr.koehne@kanzlei-koehne.eu<\/a><\/p>\n<p>For contact please use the <a href=\"https:\/\/kanzlei-koehne.eu\/en\/kontakt\/\"><strong>contact form<\/strong><\/a>.<\/p>\n<p>The lawyers are subject to supervision and are members of the Cologne Bar Association, Riehler Stra\u00dfe 30, 50668 Cologne, which you can reach here. They bear the professional title Rechtsanwalt, which was awarded to them in the Federal Republic of Germany. <a href=\"http:\/\/www.rak-koeln.de\/\" target=\"_blank\" rel=\"noopener noreferrer\">hier<\/a> erreichen. Sie tragen die Berufsbezeichnung Rechtsanwalt, die Ihnen in der Bundesrepublik Deutschland verliehen wurde.<\/p>\n<p class=\" translation-block\">The following professional regulations apply, which are regulated by the Federal Chamber of Lawyers\nare accessible:<\/p>\n<ul>\n<li>Federal Lawyers\u2019 Act (BRAO)<\/li>\n<li>Berufsordnung f\u00fcr Rechtsanw\u00e4lte (BORA) unser<\/li>\n<li>Specialist attorney regulations (FAO)<\/li>\n<li>Law on the remuneration of lawyers (Rechtsanwaltsverg\u00fctungsgesetz \u2013 RVG)<\/li>\n<li>Rules of Professional Ethics for Lawyers in the European Community<\/li>\n<\/ul>\n<p>According to the Federal Lawyers\u2019 Act, lawyers are obliged to maintain professional liability insurance with a minimum insurance sum of EUR 250,000.00. The details result from \u00a7 51 BRAO.<\/p>\n<p>Value added tax identification number: DE333088914<\/p>\n<p class=\" translation-block\">Authorized to represent and responsible in the sense of the Interstate Broadcasting Treaty:\nAttorney Dr. Rainer K\u00f6hne<\/p>\n<p>We assume no liability for the contents of external linked pages. Linked pages have been carefully selected and controlled. However, due to the constantly changing contents of external sites, it is not possible to constantly control them. The operators of linked sites are therefore solely responsible for the content of their sites.<\/p>\n<\/div><\/div><\/div><\/div><\/div><div class=\"fusion-fullwidth fullwidth-box fusion-builder-row-2 fusion-flex-container has-pattern-background has-mask-background nonhundred-percent-fullwidth non-hundred-percent-height-scrolling fusion-no-medium-visibility fusion-no-large-visibility\" style=\"--link_hover_color: var(--awb-color7);--link_color: var(--awb-color4);--awb-border-radius-top-left:0px;--awb-border-radius-top-right:0px;--awb-border-radius-bottom-right:0px;--awb-border-radius-bottom-left:0px;--awb-flex-wrap:wrap;\" ><div class=\"fusion-builder-row fusion-row fusion-flex-align-items-flex-start fusion-flex-content-wrap\" style=\"max-width:1248px;margin-left: calc(-4% \/ 2 );margin-right: calc(-4% \/ 2 );\"><div class=\"fusion-layout-column fusion_builder_column fusion-builder-column-1 fusion_builder_column_1_1 1_1 fusion-flex-column\" style=\"--awb-bg-blend:overlay;--awb-bg-size:cover;--awb-width-large:100%;--awb-margin-top-large:0px;--awb-spacing-right-large:1.92%;--awb-margin-bottom-large:0px;--awb-spacing-left-large:1.92%;--awb-width-medium:100%;--awb-spacing-right-medium:1.92%;--awb-spacing-left-medium:1.92%;--awb-width-small:100%;--awb-spacing-right-small:1.92%;--awb-spacing-left-small:1.92%;\"><div class=\"fusion-column-wrapper fusion-flex-justify-content-flex-start fusion-content-layout-column\"><div class=\"fusion-title title fusion-title-2 fusion-sep-none fusion-title-text fusion-title-size-one\" style=\"--awb-font-size:var(--awb-typography1-font-size);\"><h1 class=\"fusion-title-heading title-heading-left\" style=\"font-family:var(--awb-typography1-font-family);font-weight:var(--awb-typography1-font-weight);font-style:var(--awb-typography1-font-style);margin:0;font-size:1em;letter-spacing:var(--awb-typography1-letter-spacing);text-transform:var(--awb-typography1-text-transform);line-height:var(--awb-typography1-line-height);\"><h1>Legal notice<\/h1><\/h1><\/div><div class=\"fusion-text fusion-text-2\"><p><strong>Law office  Dr. Rainer K\u00f6hne<\/strong><br \/>\nVolksgartenstra\u00dfe 54a, 50677 K\u00f6ln<br \/>\nPhone: +49 221 598 100 \u2013 00<br \/>\nTelefax: +49 221 598 100 \u2013 10<br \/>\n<a href=\"mailto:dr.koehne@kanzlei-koehne.eu\" target=\"_blank\" rel=\"noopener\">dr.koehne@kanzlei-koehne.eu<\/a><\/p>\n<p>For contact please use our <a href=\"https:\/\/kanzlei-koehne.eu\/en\/kontakt\/\"><strong>contactform<\/strong><\/a>.<\/p>\n<p>Partnership registered in the partnership register of the Essen local court\nunder register no.: PR 1554<br \/>\nunter Register-Nr.: PR 1554<\/p>\n<p>The lawyers are subject to supervision and are members of the Cologne Bar Association, Riehler Stra\u00dfe 30, 50668 Cologne, which you can reach here. They bear the professional title Rechtsanwalt, which was awarded to them in the Federal Republic of Germany. <a href=\"\/en\/www.rak-koeln.de\/\" target=\"_blank\" rel=\"noopener noreferrer\">hier<\/a> erreichen. Sie tragen die Berufsbezeichnung Rechtsanwalt, die Ihnen in der Bundesrepublik Deutschland verliehen wurde.<\/p>\n<p class=\" translation-block\">The following professional regulations apply, which are regulated by the Federal Chamber of Lawyers\nare accessible:<\/p>\n<ul>\n<li>Federal Lawyers\u2019 Act (BRAO)<\/li>\n<li>Professional code of conduct for lawyers (BORA)<\/li>\n<li>Specialist attorney regulations (FAO)<\/li>\n<li>Law on the remuneration of lawyers (Rechtsanwaltsverg\u00fctungsgesetz \u2013 RVG)<\/li>\n<li>Rules of Professional Ethics for Lawyers in the European Community<\/li>\n<\/ul>\n<p>According to the Federal Lawyers\u2019 Act, lawyers are obliged to maintain professional liability insurance with a minimum insurance sum of EUR 250,000.00. The details result from \u00a7 51 BRAO.<\/p>\n<p>Value added tax identification number: DE333088914<\/p>\n<p class=\" translation-block\">Authorized to represent and responsible in the sense of the Interstate Broadcasting Treaty:\nAttorney Dr. Rainer K\u00f6hne<\/p>\n<p>We assume no liability for the contents of external linked pages. Linked pages have been carefully selected and controlled. However, due to the constantly changing contents of external sites, it is not possible to constantly control them. The operators of linked sites are therefore solely responsible for the content of their sites.<\/p>\n<\/div><\/div><\/div><\/div><\/div><\/p>","protected":false},"excerpt":{"rendered":"","protected":false},"author":1,"featured_media":0,"parent":0,"menu_order":0,"comment_status":"closed","ping_status":"open","template":"","meta":{"footnotes":""},"yoast_head":"<!-- This site is optimized with the Yoast SEO plugin v22.6 - https:\/\/yoast.com\/wordpress\/plugins\/seo\/ -->\n<title>Impressum Kanzlei K\u00f6hne<\/title>\n<meta name=\"description\" content=\"Kernkompetenz der Kanzlei Dr. K\u00f6hne in K\u00f6ln ist die Beratung und Vertretung von Unternehmen aus allen Bereichen der Life Sciences Industrie.\" \/>\n<meta name=\"robots\" content=\"index, follow, max-snippet:-1, max-image-preview:large, max-video-preview:-1\" \/>\n<link rel=\"canonical\" href=\"https:\/\/kanzlei-koehne.eu\/en\/impressum\/\" \/>\n<meta property=\"og:locale\" content=\"en_GB\" \/>\n<meta property=\"og:type\" content=\"article\" \/>\n<meta property=\"og:title\" content=\"Impressum Kanzlei K\u00f6hne\" \/>\n<meta property=\"og:description\" content=\"Kernkompetenz der Kanzlei Dr. K\u00f6hne in K\u00f6ln ist die Beratung und Vertretung von Unternehmen aus allen Bereichen der Life Sciences Industrie.\" \/>\n<meta property=\"og:url\" content=\"https:\/\/kanzlei-koehne.eu\/en\/impressum\/\" \/>\n<meta property=\"og:site_name\" content=\"Kanzlei Koehne\" \/>\n<meta property=\"article:modified_time\" content=\"2024-08-01T18:36:00+00:00\" \/>\n<meta name=\"twitter:card\" content=\"summary_large_image\" \/>\n<meta name=\"twitter:label1\" content=\"Estimated reading time\" \/>\n\t<meta name=\"twitter:data1\" content=\"3 minutes\" \/>\n<script type=\"application\/ld+json\" class=\"yoast-schema-graph\">{\"@context\":\"https:\/\/schema.org\",\"@graph\":[{\"@type\":\"WebPage\",\"@id\":\"https:\/\/kanzlei-koehne.eu\/de\/impressum\/\",\"url\":\"https:\/\/kanzlei-koehne.eu\/de\/impressum\/\",\"name\":\"Impressum Kanzlei K\u00f6hne\",\"isPartOf\":{\"@id\":\"https:\/\/kanzlei-koehne.eu\/de\/#website\"},\"datePublished\":\"2024-03-21T23:19:47+00:00\",\"dateModified\":\"2024-08-01T18:36:00+00:00\",\"description\":\"Kernkompetenz der Kanzlei Dr. K\u00f6hne in K\u00f6ln ist die Beratung und Vertretung von Unternehmen aus allen Bereichen der Life Sciences Industrie.\",\"breadcrumb\":{\"@id\":\"https:\/\/kanzlei-koehne.eu\/de\/impressum\/#breadcrumb\"},\"inLanguage\":\"en-GB\",\"potentialAction\":[{\"@type\":\"ReadAction\",\"target\":[\"https:\/\/kanzlei-koehne.eu\/de\/impressum\/\"]}]},{\"@type\":\"BreadcrumbList\",\"@id\":\"https:\/\/kanzlei-koehne.eu\/de\/impressum\/#breadcrumb\",\"itemListElement\":[{\"@type\":\"ListItem\",\"position\":1,\"name\":\"Startseite\",\"item\":\"https:\/\/kanzlei-koehne.eu\/de\/\"},{\"@type\":\"ListItem\",\"position\":2,\"name\":\"Impressum\"}]},{\"@type\":\"WebSite\",\"@id\":\"https:\/\/kanzlei-koehne.eu\/de\/#website\",\"url\":\"https:\/\/kanzlei-koehne.eu\/de\/\",\"name\":\"Kanzlei Koehne\",\"description\":\"\",\"potentialAction\":[{\"@type\":\"SearchAction\",\"target\":{\"@type\":\"EntryPoint\",\"urlTemplate\":\"https:\/\/kanzlei-koehne.eu\/de\/?s={search_term_string}\"},\"query-input\":\"required name=search_term_string\"}],\"inLanguage\":\"en-GB\"}]}<\/script>\n<!-- \/ Yoast SEO plugin. -->","yoast_head_json":{"title":"Impressum Kanzlei K\u00f6hne","description":"Kernkompetenz der Kanzlei Dr. K\u00f6hne in K\u00f6ln ist die Beratung und Vertretung von Unternehmen aus allen Bereichen der Life Sciences Industrie.","robots":{"index":"index","follow":"follow","max-snippet":"max-snippet:-1","max-image-preview":"max-image-preview:large","max-video-preview":"max-video-preview:-1"},"canonical":"https:\/\/kanzlei-koehne.eu\/en\/impressum\/","og_locale":"en_GB","og_type":"article","og_title":"Impressum Kanzlei K\u00f6hne","og_description":"Kernkompetenz der Kanzlei Dr. K\u00f6hne in K\u00f6ln ist die Beratung und Vertretung von Unternehmen aus allen Bereichen der Life Sciences Industrie.","og_url":"https:\/\/kanzlei-koehne.eu\/en\/impressum\/","og_site_name":"Kanzlei Koehne","article_modified_time":"2024-08-01T18:36:00+00:00","twitter_card":"summary_large_image","twitter_misc":{"Estimated reading time":"3 minutes"},"schema":{"@context":"https:\/\/schema.org","@graph":[{"@type":"WebPage","@id":"https:\/\/kanzlei-koehne.eu\/de\/impressum\/","url":"https:\/\/kanzlei-koehne.eu\/de\/impressum\/","name":"Impressum Kanzlei K\u00f6hne","isPartOf":{"@id":"https:\/\/kanzlei-koehne.eu\/de\/#website"},"datePublished":"2024-03-21T23:19:47+00:00","dateModified":"2024-08-01T18:36:00+00:00","description":"Kernkompetenz der Kanzlei Dr. K\u00f6hne in K\u00f6ln ist die Beratung und Vertretung von Unternehmen aus allen Bereichen der Life Sciences Industrie.","breadcrumb":{"@id":"https:\/\/kanzlei-koehne.eu\/de\/impressum\/#breadcrumb"},"inLanguage":"en-GB","potentialAction":[{"@type":"ReadAction","target":["https:\/\/kanzlei-koehne.eu\/de\/impressum\/"]}]},{"@type":"BreadcrumbList","@id":"https:\/\/kanzlei-koehne.eu\/de\/impressum\/#breadcrumb","itemListElement":[{"@type":"ListItem","position":1,"name":"Startseite","item":"https:\/\/kanzlei-koehne.eu\/de\/"},{"@type":"ListItem","position":2,"name":"Impressum"}]},{"@type":"WebSite","@id":"https:\/\/kanzlei-koehne.eu\/de\/#website","url":"https:\/\/kanzlei-koehne.eu\/de\/","name":"Kanzlei Koehne","description":"","potentialAction":[{"@type":"SearchAction","target":{"@type":"EntryPoint","urlTemplate":"https:\/\/kanzlei-koehne.eu\/de\/?s={search_term_string}"},"query-input":"required name=search_term_string"}],"inLanguage":"en-GB"}]}},"_links":{"self":[{"href":"https:\/\/kanzlei-koehne.eu\/en\/wp-json\/wp\/v2\/pages\/205"}],"collection":[{"href":"https:\/\/kanzlei-koehne.eu\/en\/wp-json\/wp\/v2\/pages"}],"about":[{"href":"https:\/\/kanzlei-koehne.eu\/en\/wp-json\/wp\/v2\/types\/page"}],"author":[{"embeddable":true,"href":"https:\/\/kanzlei-koehne.eu\/en\/wp-json\/wp\/v2\/users\/1"}],"replies":[{"embeddable":true,"href":"https:\/\/kanzlei-koehne.eu\/en\/wp-json\/wp\/v2\/comments?post=205"}],"version-history":[{"count":13,"href":"https:\/\/kanzlei-koehne.eu\/en\/wp-json\/wp\/v2\/pages\/205\/revisions"}],"predecessor-version":[{"id":332,"href":"https:\/\/kanzlei-koehne.eu\/en\/wp-json\/wp\/v2\/pages\/205\/revisions\/332"}],"wp:attachment":[{"href":"https:\/\/kanzlei-koehne.eu\/en\/wp-json\/wp\/v2\/media?parent=205"}],"curies":[{"name":"wp","href":"https:\/\/api.w.org\/{rel}","templated":true}]}}